{"id":2557,"date":"2021-02-10T14:43:26","date_gmt":"2021-02-10T13:43:26","guid":{"rendered":"http:\/\/shop.windowsandoffice.net\/product\/import-placeholder-for-1588\/"},"modified":"2026-04-16T18:11:15","modified_gmt":"2026-04-16T16:11:15","slug":"ms-project-2016-professional","status":"publish","type":"product","link":"https:\/\/softwarelizenzexpress.de\/es\/product\/ms-project-2016-professional\/","title":{"rendered":"Microsoft Project 2016 Professional Licencia para 3 PC"},"content":{"rendered":"<p>Microsoft Project Professional 2016 es un programa de software empresarial que ayuda a corporaciones, pymes y empresas de nueva creaci\u00f3n a planificar, supervisar y ejecutar con \u00e9xito sus proyectos. El sistema de gesti\u00f3n de proyectos proporciona todas las funciones de Project Standard y ofrece soluciones adicionales para coordinar la gesti\u00f3n de recursos, planificar el despliegue de personal, colaborar en equipo en portales de toda la empresa mediante la aplicaci\u00f3n web Microsoft SharePoint y enviar contenidos como hojas de horas.<\/p>\n<p>Las principales caracter\u00edsticas de Microsoft Project Professional 2016 Los gestores de proyectos y los miembros del equipo trabajan juntos de forma flexible en Microsoft Project Professional 2016 a trav\u00e9s de SharePoint, Project Server o Skype. El sistema de gesti\u00f3n de proyectos para escritorio puede utilizarse con todas las aplicaciones y servicios en la nube de Microsoft e incluye una licencia de acceso de cliente (CAL) para el servidor de proyectos. Las herramientas permiten a los grupos de proyecto crear calendarios, presupuestos de trabajo y costes, an\u00e1lisis hipot\u00e9ticos, informes y presentaciones gr\u00e1ficas que condensan los datos en informaci\u00f3n significativa y muestran de forma transparente tendencias y desviaciones. Con Microsoft Project Professional 2016, todas las variables y pasos pueden registrarse de forma estructurada, por ejemplo, para completar un extenso proyecto de software, una campa\u00f1a de marketing o la aparici\u00f3n en una feria en el plazo previsto y minimizar el riesgo de errores de planificaci\u00f3n durante el proceso. Para ello, los equipos y departamentos pueden acceder a plantillas o plantillas r\u00e1pidamente personalizables con funciones flexibles de importaci\u00f3n y exportaci\u00f3n, as\u00ed como a diversas herramientas de visualizaci\u00f3n, como los diagramas de barras de Gantt, que muestran las dependencias, resumen las subtareas recurrentes, muestran los costes de forma diferenciada e ilustran el estado del calendario del proyecto.<\/p>\n<p><strong>Caracter\u00edsticas del producto<\/strong><\/p>\n<p>Las siguientes caracter\u00edsticas del programa le esperan en Microsoft Project 2016:<\/p>\n<ul>\n<li>Potente aplicaci\u00f3n de planificaci\u00f3n y control de proyectos<\/li>\n<li>Controlar el progreso y los costes del proyecto<\/li>\n<li>Interfaz de usuario intuitiva<\/li>\n<li>Integraci\u00f3n optimizada con otros productos de Microsoft, como Office<\/li>\n<li>Amplia funci\u00f3n de an\u00e1lisis e informes<\/li>\n<li>Herramienta inteligente orientada a la pr\u00e1ctica<\/li>\n<li>Vista configurable para obtener resultados \u00f3ptimos<\/li>\n<li>Evaluaci\u00f3n personalizada basada en fechas<\/li>\n<\/ul>\n<p><strong>Requisitos del sistema:<\/strong><\/p>\n<ul>\n<li>Windows 10, Windows 8.1, Windows 8, Windows 7 Service Pack 1, Windows Server 2016, Windows Server 2012 R2, Windows Server 2012 o Windows Server 2008 R2.<\/li>\n<li>Procesador x86 o x64 a 1 GHz o superior con conjunto de instrucciones SSE2<\/li>\n<li>2 GB de memoria de trabajo<\/li>\n<li>3 GB de espacio disponible en el disco duro<\/li>\n<li>La aceleraci\u00f3n gr\u00e1fica requiere una tarjeta gr\u00e1fica compatible con DirectX 9.<\/li>\n<li>Se requiere .NET 3.5. Algunas funciones requieren la instalaci\u00f3n de .NET 4.0, 4.5 o 4.6 CLR.<\/li>\n<\/ul>\n<p><strong>Apoyo:<\/strong><\/p>\n<p class=\"translation-block\">Si tiene alguna pregunta, no dude en ponerse en contacto con nosotros <a href=\"mailto:deutschland@softwarelizenzexpress.de\" target=\"_self\" rel=\"noopener\">por correo electr\u00f3nico<\/a>. Nuestro servicio de atenci\u00f3n al cliente est\u00e1 disponible 7 d\u00edas a la semana, 24 horas al d\u00eda.<\/p>","protected":false},"excerpt":{"rendered":"<ul>\n<li>Licencia Microsoft Project 2016 Pro para 3 PC<\/li>\n<li><strong>Con esta licencia, el software puede activarse en 3 dispositivos diferentes, por ejemplo, el PC de casa, el port\u00e1til y el PC del trabajo.<\/strong><\/li>\n<li>Versi\u00f3n para sistemas de 32 y 64 bits, versiones completas ilimitadas del software <strong>del socio de oro certificado de Microsoft<\/strong><\/li>\n<li><strong>Reembolso completo en 30 d\u00edas - \u00a1Garant\u00eda de sustituci\u00f3n de por vida!<\/strong><\/li>\n<li>Entrega por correo electr\u00f3nico: Clave del producto, instrucciones, enlaces de descarga, factura<\/li>\n<li>Descarga inmediata<\/li>\n<li>Sin l\u00edmite de tiempo, sin suscripci\u00f3n<\/li>\n<li>Asistencia 24\/7 gratuita para problemas de instalaci\u00f3n y activaci\u00f3n<\/li>\n<li>No entrega en soportes de datos (USB, CD, etc.)<\/li>\n<li>Activaci\u00f3n en l\u00ednea y por tel\u00e9fono<\/li>\n<li>Idiomas: Ingl\u00e9s, espa\u00f1ol, italiano, alem\u00e1n y franc\u00e9s<\/li>\n<li><strong><span style=\"color: #008000;\"> Este producto es compatible con Microsoft Windows.<\/span><\/strong><\/li>\n<li><strong><span style=\"color: #ff0000;\">NO compatible con Apple macOS\u2122, dispositivos Android y Chromebooks.<\/span><\/strong><\/li>\n<\/ul>","protected":false},"featured_media":53639,"comment_status":"open","ping_status":"closed","template":"","meta":{"_acf_changed":false},"product_brand":[],"product_cat":[27],"product_tag":[],"class_list":{"0":"post-2557","1":"product","2":"type-product","3":"status-publish","4":"has-post-thumbnail","6":"product_cat-project","8":"first","9":"instock","10":"sale","11":"virtual","12":"taxable","13":"purchasable","14":"product-type-simple"},"acf":[],"_links":{"self":[{"href":"https:\/\/softwarelizenzexpress.de\/es\/wp-json\/wp\/v2\/product\/2557","targetHints":{"allow":["GET"]}}],"collection":[{"href":"https:\/\/softwarelizenzexpress.de\/es\/wp-json\/wp\/v2\/product"}],"about":[{"href":"https:\/\/softwarelizenzexpress.de\/es\/wp-json\/wp\/v2\/types\/product"}],"replies":[{"embeddable":true,"href":"https:\/\/softwarelizenzexpress.de\/es\/wp-json\/wp\/v2\/comments?post=2557"}],"wp:featuredmedia":[{"embeddable":true,"href":"https:\/\/softwarelizenzexpress.de\/es\/wp-json\/wp\/v2\/media\/53639"}],"wp:attachment":[{"href":"https:\/\/softwarelizenzexpress.de\/es\/wp-json\/wp\/v2\/media?parent=2557"}],"wp:term":[{"taxonomy":"product_brand","embeddable":true,"href":"https:\/\/softwarelizenzexpress.de\/es\/wp-json\/wp\/v2\/product_brand?post=2557"},{"taxonomy":"product_cat","embeddable":true,"href":"https:\/\/softwarelizenzexpress.de\/es\/wp-json\/wp\/v2\/product_cat?post=2557"},{"taxonomy":"product_tag","embeddable":true,"href":"https:\/\/softwarelizenzexpress.de\/es\/wp-json\/wp\/v2\/product_tag?post=2557"}],"curies":[{"name":"wp","href":"https:\/\/api.w.org\/{rel}","templated":true}]}}