{"id":2551,"date":"2021-02-14T14:43:25","date_gmt":"2021-02-14T13:43:25","guid":{"rendered":"http:\/\/shop.windowsandoffice.net\/product\/import-placeholder-for-1582\/"},"modified":"2026-04-16T18:11:15","modified_gmt":"2026-04-16T16:11:15","slug":"ms-project-2019-professional","status":"publish","type":"product","link":"https:\/\/softwarelizenzexpress.de\/es\/product\/ms-project-2019-professional\/","title":{"rendered":"Licencia de Microsoft Project 2019 Professional para 3 PC"},"content":{"rendered":"<p>Colabore con otros para lanzar y entregar proyectos con \u00e9xito en un abrir y cerrar de ojos. Incluye todas las caracter\u00edsticas de Project Standard m\u00e1s soluciones de colaboraci\u00f3n, gesti\u00f3n de recursos, sincronizaci\u00f3n de tareas de SharePoint, presentaci\u00f3n de hojas de horas y mucho m\u00e1s. Microsoft Project Professional 2019 ofrece funciones flexibles que le ayudan a planificar proyectos, realizar un seguimiento del estado y colaborar con otras personas desde pr\u00e1cticamente cualquier lugar. La aplicaci\u00f3n ofrece comunicaci\u00f3n en tiempo real y mensajer\u00eda instant\u00e1nea habilitada directamente en su plan de proyecto a trav\u00e9s de Skype Empresarial y consolida todos los recursos potenciales del proyecto en una sola vista.<\/p>\n<p>Mantente organizado y ten todos los hilos en la mano. Tanto si se trata de un peque\u00f1o proyecto como de una gran campa\u00f1a, con Project podr\u00e1 dominar cualquier reto. \u00bfNo eres gestor de proyectos? No hay problema, con la potente y c\u00f3moda aplicaci\u00f3n, pr\u00e1cticamente cualquiera puede gestionar proyectos con \u00e9xito.<\/p>\n<p><strong>Inicie proyectos r\u00e1pidamente y ejec\u00fatelos con facilidad<\/strong><\/p>\n<p>Conf\u00ede en una potente herramienta de gesti\u00f3n de proyectos para configurar y gestionar nuevos proyectos de forma r\u00e1pida y sencilla.<\/p>\n<p><strong>Gesti\u00f3n de proyectos sin estr\u00e9s<\/strong><\/p>\n<p>Mantenga bajo control incluso los proyectos m\u00e1s exigentes con herramientas y m\u00e9todos personalizados.<\/p>\n<p><strong>Trabaje f\u00e1cilmente en equipo, pr\u00e1cticamente desde cualquier lugar<\/strong><\/p>\n<p>Colabore en proyectos incluso a larga distancia. Como todos los miembros del equipo trabajan en una versi\u00f3n al mismo tiempo, tu productividad aumenta.<\/p>\n<p><strong>Planificaci\u00f3n sencilla de proyectos<\/strong><\/p>\n<p>Mantenga el rumbo de sus proyectos planificando din\u00e1micamente el esfuerzo del proyecto, su duraci\u00f3n y el despliegue de los miembros del equipo.<\/p>\n<p><strong>Inteligencia empresarial: obtenga r\u00e1pidamente mejores perspectivas y resultados<\/strong><\/p>\n<p>Cree cuadros de mando interactivos con Power BI para visualizar el estado general y analizar proyectos y programas hasta el m\u00e1s m\u00ednimo detalle.<\/p>\n<p><strong>Pensar y actuar de forma m\u00e1s innovadora<\/strong><\/p>\n<p>Desarrolle soluciones personalizadas para ordenadores de sobremesa o dispositivos m\u00f3viles y automatice flujos de trabajo en unos sencillos pasos. Utilice una plataforma flexible y segura bajo Azure, reconocida mundialmente como nube empresarial.<\/p>\n<p><strong>Requisitos del sistema:<\/strong><\/p>\n<ul>\n<li>Procesador de doble n\u00facleo a 1,6 GHz<\/li>\n<li>Windows 10<\/li>\n<li>2 GB (32 bits), 4 GB (64 bits) RAM<\/li>\n<li>4 GB de espacio disponible en el disco duro<\/li>\n<li>La aceleraci\u00f3n gr\u00e1fica requiere una tarjeta gr\u00e1fica compatible con DirectX 10.<\/li>\n<\/ul>\n<p><strong>Apoyo:<\/strong><\/p>\n<p class=\"translation-block\">Si tiene alguna pregunta, no dude en ponerse en contacto con nosotros <a href=\"mailto:deutschland@softwarelizenzexpress.de\" target=\"_self\" rel=\"noopener\">por correo electr\u00f3nico<\/a>. Nuestro servicio de atenci\u00f3n al cliente est\u00e1 disponible 7 d\u00edas a la semana, 24 horas al d\u00eda.<\/p>","protected":false},"excerpt":{"rendered":"<ul>\n<li>Licencia de Microsoft Project 2019 Pro para 3 PC<\/li>\n<li><strong>Con esta licencia, el software puede activarse en 3 dispositivos diferentes, por ejemplo, el PC de casa, el port\u00e1til y el PC del trabajo.<\/strong><\/li>\n<li>Versi\u00f3n para sistemas de 32 y 64 bits, versiones completas ilimitadas del software <strong>del socio de oro certificado de Microsoft<\/strong><\/li>\n<li><strong>Reembolso completo en 30 d\u00edas - \u00a1Garant\u00eda de sustituci\u00f3n de por vida!<\/strong><\/li>\n<li>Entrega por correo electr\u00f3nico: Clave del producto, instrucciones, enlaces de descarga, factura<\/li>\n<li>Descarga inmediata<\/li>\n<li>Sin l\u00edmite de tiempo, sin suscripci\u00f3n<\/li>\n<li>Asistencia 24\/7 gratuita para problemas de instalaci\u00f3n y activaci\u00f3n<\/li>\n<li>No entrega en soportes de datos (USB, CD, etc.)<\/li>\n<li>Activaci\u00f3n en l\u00ednea y por tel\u00e9fono<\/li>\n<li>Idiomas: Ingl\u00e9s, espa\u00f1ol, italiano, alem\u00e1n y franc\u00e9s<\/li>\n<li><strong><span style=\"color: #008000;\"> Este producto es compatible con Microsoft Windows.<\/span><\/strong><\/li>\n<li><strong><span style=\"color: #ff0000;\">NO compatible con Apple macOS\u2122, dispositivos Android y Chromebooks.<\/span><\/strong><\/li>\n<\/ul>","protected":false},"featured_media":53543,"comment_status":"open","ping_status":"closed","template":"","meta":{"_acf_changed":false},"product_brand":[],"product_cat":[27],"product_tag":[],"class_list":{"0":"post-2551","1":"product","2":"type-product","3":"status-publish","4":"has-post-thumbnail","6":"product_cat-project","8":"first","9":"instock","10":"sale","11":"virtual","12":"taxable","13":"purchasable","14":"product-type-simple"},"acf":[],"_links":{"self":[{"href":"https:\/\/softwarelizenzexpress.de\/es\/wp-json\/wp\/v2\/product\/2551","targetHints":{"allow":["GET"]}}],"collection":[{"href":"https:\/\/softwarelizenzexpress.de\/es\/wp-json\/wp\/v2\/product"}],"about":[{"href":"https:\/\/softwarelizenzexpress.de\/es\/wp-json\/wp\/v2\/types\/product"}],"replies":[{"embeddable":true,"href":"https:\/\/softwarelizenzexpress.de\/es\/wp-json\/wp\/v2\/comments?post=2551"}],"wp:featuredmedia":[{"embeddable":true,"href":"https:\/\/softwarelizenzexpress.de\/es\/wp-json\/wp\/v2\/media\/53543"}],"wp:attachment":[{"href":"https:\/\/softwarelizenzexpress.de\/es\/wp-json\/wp\/v2\/media?parent=2551"}],"wp:term":[{"taxonomy":"product_brand","embeddable":true,"href":"https:\/\/softwarelizenzexpress.de\/es\/wp-json\/wp\/v2\/product_brand?post=2551"},{"taxonomy":"product_cat","embeddable":true,"href":"https:\/\/softwarelizenzexpress.de\/es\/wp-json\/wp\/v2\/product_cat?post=2551"},{"taxonomy":"product_tag","embeddable":true,"href":"https:\/\/softwarelizenzexpress.de\/es\/wp-json\/wp\/v2\/product_tag?post=2551"}],"curies":[{"name":"wp","href":"https:\/\/api.w.org\/{rel}","templated":true}]}}