{"id":2545,"date":"2021-02-16T14:43:24","date_gmt":"2021-02-16T13:43:24","guid":{"rendered":"http:\/\/shop.windowsandoffice.net\/product\/import-placeholder-for-1576\/"},"modified":"2026-04-16T18:11:15","modified_gmt":"2026-04-16T16:11:15","slug":"ms-visio-2019-professional","status":"publish","type":"product","link":"https:\/\/softwarelizenzexpress.de\/es\/product\/ms-visio-2019-professional\/","title":{"rendered":"Licencia de Microsoft Visio 2019 Professional para 3 PC"},"content":{"rendered":"<p>En la edici\u00f3n Professional 2019, Microsoft Visio sigue siendo la mejor herramienta para dise\u00f1ar diagramas en las empresas y se basa en est\u00e1ndares comunes del sector, como IEEE. Adem\u00e1s, Microsoft ha realizado miles de mejoras detalladas y ha introducido nuevas funciones para facilitar, sobre todo, el trabajo en proyectos de equipos m\u00e1s grandes. Por tanto, el software est\u00e1 expl\u00edcitamente dirigido a usuarios profesionales. No obstante, se mantiene la familiar facilidad de acceso al programa, que se consigue principalmente mediante innumerables plantillas y la probada interfaz de Office. Adem\u00e1s, cada comprador recibe 2 GB de espacio de almacenamiento gratuito en OneDrive, la soluci\u00f3n en la nube de Microsoft.<\/p>\n<p>En Microsoft Visio Professional 2019, los diagramas pueden generarse inmediatamente despu\u00e9s de iniciar el programa: cientos de plantillas basadas en una selecci\u00f3n de m\u00e1s de 250 000 formas se encargan de ello. Como la aplicaci\u00f3n de escritorio tambi\u00e9n se actualiza constantemente, se a\u00f1aden nuevas plantillas con regularidad. A continuaci\u00f3n, los usuarios comparten los diagramas terminados no solo como conjuntos de datos de Visio, sino tambi\u00e9n a trav\u00e9s de Internet: Para ello, Visio Professional 2019 admite representaciones de diagramas basadas en web o la salida como archivos PDF para los usuarios que no utilizan Visio en su dispositivo. Los comentarios que otros usuarios a\u00f1aden posteriormente al diagrama tambi\u00e9n son visibles de inmediato para el creador del proyecto, lo que le permite recibir comentarios.<\/p>\n<p>Microsoft tambi\u00e9n ha mejorado la compatibilidad con la entrada con los dedos y con l\u00e1pices como el Microsoft Surface Pen espec\u00edficamente para Visio Professional 2019 y Windows 10. Los diagramas ahora se pueden refinar mediante m\u00e9todos de entrada naturales utilizando tinta virtual o los dedos para colorear, mover y reorganizar formas y diagramas. Esto tambi\u00e9n facilita el uso del programa en una tableta como el iPad Pro, para el que hay disponible una app independiente en la tienda oficial Apple Store. Para mejorar la colaboraci\u00f3n con otras personas, se han mejorado las funciones de anotaci\u00f3n y se ha ampliado la integraci\u00f3n de Skype Empresarial en la interfaz del programa.<\/p>\n<p>Los nuevos datos se importan directamente desde otros programas populares, como Excel, a Microsoft Visio Professional 2019. Esto ahorra tiempo a la hora de editar diagramas, ya que la introducci\u00f3n manual es menos frecuente. Se dispone de innumerables colores, formas y gr\u00e1ficos para dar vida a esos diagramas y mostrar con claridad incluso grandes cantidades de informaci\u00f3n, con el fin de centrarse en los datos que son realmente importantes para el espectador. El programa tambi\u00e9n admite la integraci\u00f3n de dibujos creados en el popular software AutoCAD. Esto ampl\u00eda considerablemente la gama de funciones, ya que permite incluso formas complejas.<\/p>\n<p>En cuanto cambien los datos de cualquier tipo ya integrados en el diagrama, Microsoft Visio Professional 2019 modificar\u00e1 tambi\u00e9n inmediatamente la presentaci\u00f3n del proyecto. Para ello, el programa escanea constantemente los datos integrados -independientemente de su procedencia y de si est\u00e1n disponibles localmente o en la red- y traslada inmediatamente los cambios al diagrama actual. De este modo, todos los que trabajan en el proyecto tienen siempre una visi\u00f3n de conjunto y trabajan juntos en una \u00fanica versi\u00f3n del diagrama. Prescindir de las actualizaciones manuales tambi\u00e9n simplifica el proceso de trabajo y ahorra mucho tiempo a largo plazo.<\/p>\n<p>Microsoft ha desarrollado Visio Professional 2019 de forma que solo sea compatible con una de las ediciones de Windows 10 y Windows 10S. No es posible ejecutar el software con una versi\u00f3n anterior de Windows. Adem\u00e1s, esta oferta es una clave de producto para un PC de sobremesa o port\u00e1til. No hay costes de suscripci\u00f3n adicionales. Microsoft garantiza el suministro de actualizaciones de este software durante al menos cinco a\u00f1os.<\/p>\n<p><strong>Requisitos del sistema:<\/strong><\/p>\n<ul>\n<li>Windows 10, Windows Server 2019<\/li>\n<li>Procesador de doble n\u00facleo a 1,6 GHz o superior<\/li>\n<li>2 GB de RAM (32 bits); 4 GB de RAM (64 bits)<\/li>\n<li>4 GB de espacio disponible en el disco duro<\/li>\n<li>La aceleraci\u00f3n gr\u00e1fica requiere una tarjeta gr\u00e1fica compatible con DirectX 9. Con WDDM 2.0 o superior para Windows 10 (o WDDM 1.3 para Windows 10 Fall Creators Update).<\/li>\n<\/ul>\n<p><strong>Apoyo:<\/strong><\/p>\n<p class=\"translation-block\">Si tiene alguna pregunta, no dude en ponerse en contacto con nosotros <a href=\"mailto:deutschland@softwarelizenzexpress.de\" target=\"_self\" rel=\"noopener\">por correo electr\u00f3nico<\/a>. Nuestro servicio de atenci\u00f3n al cliente est\u00e1 disponible 7 d\u00edas a la semana, 24 horas al d\u00eda.<\/p>","protected":false},"excerpt":{"rendered":"<ul>\n<li>Licencia de Microsoft Visio 2019 Pro para 3 PC<\/li>\n<li><strong>Con esta licencia, el software puede activarse en 3 dispositivos diferentes, por ejemplo, el PC de casa, el port\u00e1til y el PC del trabajo.<\/strong><\/li>\n<li>Versi\u00f3n para sistemas de 32 y 64 bits, versiones completas ilimitadas del software <strong>del socio de oro certificado de Microsoft<\/strong><\/li>\n<li><strong>Reembolso completo en 30 d\u00edas - \u00a1Garant\u00eda de sustituci\u00f3n de por vida!<\/strong><\/li>\n<li>Entrega por correo electr\u00f3nico: Clave del producto, instrucciones, enlaces de descarga, factura<\/li>\n<li>Descarga inmediata<\/li>\n<li>Sin l\u00edmite de tiempo, sin suscripci\u00f3n<\/li>\n<li>Asistencia 24\/7 gratuita para problemas de instalaci\u00f3n y activaci\u00f3n<\/li>\n<li>No entrega en soportes de datos (USB, CD, etc.)<\/li>\n<li>Activaci\u00f3n en l\u00ednea y por tel\u00e9fono<\/li>\n<li>Idiomas: Ingl\u00e9s, espa\u00f1ol, italiano, alem\u00e1n y franc\u00e9s<\/li>\n<li><strong><span style=\"color: #008000;\"> Este producto es compatible con Microsoft Windows.<\/span><\/strong><\/li>\n<li><strong><span style=\"color: #ff0000;\">NO compatible con Apple macOS\u2122, dispositivos Android y Chromebooks.<\/span><\/strong><\/li>\n<\/ul>","protected":false},"featured_media":53545,"comment_status":"open","ping_status":"closed","template":"","meta":{"_acf_changed":false},"product_brand":[],"product_cat":[28],"product_tag":[],"class_list":{"0":"post-2545","1":"product","2":"type-product","3":"status-publish","4":"has-post-thumbnail","6":"product_cat-visio","8":"first","9":"instock","10":"sale","11":"virtual","12":"taxable","13":"purchasable","14":"product-type-simple"},"acf":[],"_links":{"self":[{"href":"https:\/\/softwarelizenzexpress.de\/es\/wp-json\/wp\/v2\/product\/2545","targetHints":{"allow":["GET"]}}],"collection":[{"href":"https:\/\/softwarelizenzexpress.de\/es\/wp-json\/wp\/v2\/product"}],"about":[{"href":"https:\/\/softwarelizenzexpress.de\/es\/wp-json\/wp\/v2\/types\/product"}],"replies":[{"embeddable":true,"href":"https:\/\/softwarelizenzexpress.de\/es\/wp-json\/wp\/v2\/comments?post=2545"}],"wp:featuredmedia":[{"embeddable":true,"href":"https:\/\/softwarelizenzexpress.de\/es\/wp-json\/wp\/v2\/media\/53545"}],"wp:attachment":[{"href":"https:\/\/softwarelizenzexpress.de\/es\/wp-json\/wp\/v2\/media?parent=2545"}],"wp:term":[{"taxonomy":"product_brand","embeddable":true,"href":"https:\/\/softwarelizenzexpress.de\/es\/wp-json\/wp\/v2\/product_brand?post=2545"},{"taxonomy":"product_cat","embeddable":true,"href":"https:\/\/softwarelizenzexpress.de\/es\/wp-json\/wp\/v2\/product_cat?post=2545"},{"taxonomy":"product_tag","embeddable":true,"href":"https:\/\/softwarelizenzexpress.de\/es\/wp-json\/wp\/v2\/product_tag?post=2545"}],"curies":[{"name":"wp","href":"https:\/\/api.w.org\/{rel}","templated":true}]}}