{"id":2526,"date":"2021-03-14T14:42:59","date_gmt":"2021-03-14T13:42:59","guid":{"rendered":"http:\/\/shop.windowsandoffice.net\/product\/import-placeholder-for-1391\/"},"modified":"2026-04-16T18:11:15","modified_gmt":"2026-04-16T16:11:15","slug":"combo2","status":"publish","type":"product","link":"https:\/\/softwarelizenzexpress.de\/es\/product\/combo2\/","title":{"rendered":"Microsoft Windows 10 Pro + Microsoft Office 2019 Pro Plus + Microsoft Project 2019 Pro + Microsoft Visio 2019 Pro Licencia para 3 PC."},"content":{"rendered":"<p>Ahorre tiempo y dinero con nuestro combo Microsoft compuesto por las versiones m\u00e1s recientes de Windows, Office, Visio y Project.<\/p>\n<ul>\n<li>Windows 10 Profesional<\/li>\n<li>Office 2019 Professional Plus<\/li>\n<li>Visio 2019 Professional<\/li>\n<li>Proyecto 2019 Profesional<\/li>\n<\/ul>\n<hr \/>\n<p><strong>Microsoft Windows 10 Professional<\/strong><\/p>\n<p>Con Windows 10 Pro dispondr\u00e1 de un sistema operativo fiable en su dispositivo. Te beneficiar\u00e1s de inicios de sistema m\u00e1s r\u00e1pidos, un men\u00fa de inicio familiar pero mejorado y nuevas formas de completar cosas r\u00e1pidamente. Tambi\u00e9n obtendr\u00e1 nuevas caracter\u00edsticas como un navegador completamente nuevo para ayudarle a navegar por la web y su asistente digital personal Cortana. Cortana es tu asistente digital personal que te seguir\u00e1 en todos tus dispositivos Windows 10 y te ayudar\u00e1 a hacer las cosas. Cortana aprende m\u00e1s sobre ti con el tiempo y puede ayudarte mejor cada d\u00eda. Windows 10 Pro te ayuda de forma \u00f3ptima en todo lo que haces.<\/p>\n<p><strong>Microsoft Office 2019 Professional Plus<\/strong><\/p>\n<p>Opta hoy mismo por Office 2019 Professional Plus y recibir\u00e1s la soluci\u00f3n ofim\u00e1tica m\u00e1s nueva y moderna de Microsoft. Adem\u00e1s de las aplicaciones tradicionales, tendr\u00e1s acceso autom\u00e1tico a aplicaciones basadas en navegador y a Skype Empresarial. Con una comunicaci\u00f3n simplificada, podr\u00e1s trabajar de forma m\u00e1s eficaz con los dem\u00e1s.<\/p>\n<p>Todo lo que necesita de un vistazo<\/p>\n<ul>\n<li><strong>Palabra 2019 <\/strong>- para crear y editar sus textos y documentos<\/li>\n<li><strong>Excel 2019 <\/strong>- para procesar registros de datos en forma tabular<\/li>\n<li><strong>PowerPoint 2019 <\/strong>- para la creaci\u00f3n de presentaciones inspiradoras<\/li>\n<li><strong>Perspectivas para 2019<\/strong> - para gestionar el correo electr\u00f3nico, los contactos, la agenda y las tareas<\/li>\n<li><strong>Editorial 2019<\/strong> - para crear f\u00e1cilmente publicaciones de aspecto profesional<\/li>\n<li><strong>Acceso 2019<\/strong> - para la creaci\u00f3n de bases de datos con acceso a Internet<\/li>\n<li><strong>Lync 2019<\/strong> (Skype Empresarial): para aumentar la productividad a trav\u00e9s de la mensajer\u00eda instant\u00e1nea y facilitar la comunicaci\u00f3n y la colaboraci\u00f3n con videoconferencias en alta definici\u00f3n.<\/li>\n<li><strong>Aplicaciones web<\/strong> (Word, Excel, PowerPoint)<\/li>\n<\/ul>\n<p>OneNote ya no forma parte del paquete de Office, ahora est\u00e1 incluido en el sistema operativo Windows 10, que es necesario para usar Office 2019. <strong>Las versiones anteriores de Windows no son compatibles.<\/strong><\/p>\n<p><strong>Microsoft Visio 2019 Professional<\/strong><\/p>\n<p>Visio 2019 es una potente aplicaci\u00f3n de diagramaci\u00f3n que le permite trabajar visualmente para crear todo tipo de diagramas y es l\u00edder del sector con m\u00e1s de 12 millones de usuarios. Visio 2019 facilita la definici\u00f3n de procesos empresariales, la documentaci\u00f3n de pr\u00e1cticas recomendadas, la visualizaci\u00f3n del estado futuro de iniciativas transformadoras y el seguimiento de las perspectivas operativas de la empresa.<\/p>\n<p><strong>Microsoft Project 2019 Professional<\/strong><\/p>\n<p>Colabore con otras personas para iniciar y ejecutar proyectos con \u00e9xito en un abrir y cerrar de ojos. Incluye todas las caracter\u00edsticas de Project Standard m\u00e1s la colaboraci\u00f3n en la gesti\u00f3n de recursos, la sincronizaci\u00f3n de tareas de SharePoint, la presentaci\u00f3n de hojas de horas y mucho m\u00e1s. Microsoft Project Professional 2019 ofrece funciones flexibles que le ayudar\u00e1n a planificar proyectos, realizar un seguimiento del estado y colaborar con otras personas desde pr\u00e1cticamente cualquier lugar. La aplicaci\u00f3n ofrece comunicaci\u00f3n en tiempo real y mensajer\u00eda instant\u00e1nea, activada directamente en su plan de proyecto a trav\u00e9s de Skype Empresarial, y consolida todos los recursos potenciales del proyecto en una sola vista.<\/p>\n<p><strong>Apoyo:<\/strong><\/p>\n<p>Si tiene alguna pregunta, no dude en ponerse en contacto con nosotros. <a href=\"mailto:deutschland@softwarelizenzexpress.de\">por correo electr\u00f3nico<\/a>. Nuestro servicio de atenci\u00f3n al cliente est\u00e1 disponible 7 d\u00edas a la semana, 24 horas al d\u00eda.<\/p>","protected":false},"excerpt":{"rendered":"<ul>\n<li>Licencia Microsoft Windows 10 Professional para 3 PC<\/li>\n<li>Licencia de Microsoft Office 2019 Professional Plus para 3 PC<\/li>\n<li>Licencia de Microsoft Project 2019 Pro para 3 PC<\/li>\n<li>Licencia de Microsoft Visio 2019 Pro para 3 PC<\/li>\n<li><strong>Con esta licencia, el software puede activarse en 3 dispositivos diferentes, por ejemplo, el PC de casa, el port\u00e1til y el PC del trabajo.<\/strong><\/li>\n<li>Versi\u00f3n para sistemas de 32 y 64 bits, versiones completas ilimitadas del software <strong>del socio de oro certificado de Microsoft<\/strong><\/li>\n<li><strong>Reembolso completo en 30 d\u00edas - \u00a1Garant\u00eda de sustituci\u00f3n de por vida!<\/strong><\/li>\n<li>Entrega por correo electr\u00f3nico: Clave del producto, instrucciones, enlaces de descarga, factura<\/li>\n<li>Descarga inmediata<\/li>\n<li>Sin l\u00edmite de tiempo, sin suscripci\u00f3n<\/li>\n<li>Asistencia 24\/7 gratuita para problemas de instalaci\u00f3n y activaci\u00f3n<\/li>\n<li>No entrega en soportes de datos (USB, CD, etc.)<\/li>\n<li>Activaci\u00f3n en l\u00ednea y por tel\u00e9fono<\/li>\n<li>Idiomas: Ingl\u00e9s, espa\u00f1ol, italiano, alem\u00e1n y franc\u00e9s<\/li>\n<li><strong><span style=\"color: #008000;\"> Este producto es compatible con Microsoft Windows.<\/span><\/strong><\/li>\n<li><strong><span style=\"color: #ff0000;\">NO compatible con Apple macOS\u2122, dispositivos Android y Chromebooks.<\/span><\/strong><\/li>\n<\/ul>","protected":false},"featured_media":53554,"comment_status":"open","ping_status":"closed","template":"","meta":{"_acf_changed":false},"product_brand":[],"product_cat":[25,15,27,28,23,26],"product_tag":[],"class_list":{"0":"post-2526","1":"product","2":"type-product","3":"status-publish","4":"has-post-thumbnail","6":"product_cat-combos","7":"product_cat-ms-office","8":"product_cat-project","9":"product_cat-visio","10":"product_cat-windows-desktop","11":"product_cat-special-offers","13":"first","14":"instock","15":"sale","16":"virtual","17":"taxable","18":"purchasable","19":"product-type-simple"},"acf":[],"_links":{"self":[{"href":"https:\/\/softwarelizenzexpress.de\/es\/wp-json\/wp\/v2\/product\/2526","targetHints":{"allow":["GET"]}}],"collection":[{"href":"https:\/\/softwarelizenzexpress.de\/es\/wp-json\/wp\/v2\/product"}],"about":[{"href":"https:\/\/softwarelizenzexpress.de\/es\/wp-json\/wp\/v2\/types\/product"}],"replies":[{"embeddable":true,"href":"https:\/\/softwarelizenzexpress.de\/es\/wp-json\/wp\/v2\/comments?post=2526"}],"wp:featuredmedia":[{"embeddable":true,"href":"https:\/\/softwarelizenzexpress.de\/es\/wp-json\/wp\/v2\/media\/53554"}],"wp:attachment":[{"href":"https:\/\/softwarelizenzexpress.de\/es\/wp-json\/wp\/v2\/media?parent=2526"}],"wp:term":[{"taxonomy":"product_brand","embeddable":true,"href":"https:\/\/softwarelizenzexpress.de\/es\/wp-json\/wp\/v2\/product_brand?post=2526"},{"taxonomy":"product_cat","embeddable":true,"href":"https:\/\/softwarelizenzexpress.de\/es\/wp-json\/wp\/v2\/product_cat?post=2526"},{"taxonomy":"product_tag","embeddable":true,"href":"https:\/\/softwarelizenzexpress.de\/es\/wp-json\/wp\/v2\/product_tag?post=2526"}],"curies":[{"name":"wp","href":"https:\/\/api.w.org\/{rel}","templated":true}]}}