{"id":2499,"date":"2021-01-07T14:42:55","date_gmt":"2021-01-07T13:42:55","guid":{"rendered":"http:\/\/shop.windowsandoffice.net\/product\/import-placeholder-for-403\/"},"modified":"2026-04-16T18:11:15","modified_gmt":"2026-04-16T16:11:15","slug":"windows-server-2012-std-ess-dc-versions","status":"publish","type":"product","link":"https:\/\/softwarelizenzexpress.de\/es\/product\/windows-server-2012-std-ess-dc-versions\/","title":{"rendered":"Microsoft Windows Server 2012 R2"},"content":{"rendered":"<p>Windows Server 2012 R2 es la evoluci\u00f3n del actual est\u00e1ndar del sector en el \u00e1mbito de los sistemas operativos para servidores. Est\u00e1n disponibles las tres versiones siguientes:<\/p>\n<p><strong>Windows Server 2012 R2 Essentials<\/strong><\/p>\n<p>Windows Server 2012 R2 Essentials es una soluci\u00f3n de servidor flexible, rentable y f\u00e1cil de usar dise\u00f1ada para peque\u00f1as empresas con hasta 25 usuarios y 50 dispositivos. Windows Server Essentials es un primer servidor ideal y tambi\u00e9n puede utilizarse como servidor principal en un entorno multiservidor para peque\u00f1as empresas.<\/p>\n<p><strong>Windows Server 2012 R2 Est\u00e1ndar<\/strong><\/p>\n<p>Windows Server 2012 Standard se desarroll\u00f3 para entornos de baja densidad o no virtualizados y ofrece todas las funcionalidades de Windows Server con dos instancias virtuales. Adem\u00e1s, Windows Server 2012 R2 Standard ofrece una infraestructura din\u00e1mica multiinquilino que va m\u00e1s all\u00e1 de las tecnolog\u00edas de virtualizaci\u00f3n anteriores, as\u00ed como una plataforma completa para crear una Microsoft Private Cloud. Esto permite escalar y proteger las cargas de trabajo, una soluci\u00f3n de nube rentable y una conectividad segura de servicios en la nube.<\/p>\n<p><strong>Windows Server 2012 R2 Datacenter<\/strong><\/p>\n<p>Windows Server 2012 Datacenter est\u00e1 dise\u00f1ado para la virtualizaci\u00f3n de alta densidad con un n\u00famero ilimitado de instancias virtuales. Adem\u00e1s, Windows Server 2012 R2 Datacenter proporciona una infraestructura din\u00e1mica multiarrendatario que va m\u00e1s all\u00e1 de las tecnolog\u00edas de virtualizaci\u00f3n anteriores, as\u00ed como una plataforma completa para crear una Microsoft Private Cloud. Esto le permite escalar y asegurar las cargas de trabajo, una soluci\u00f3n de nube rentable y una conectividad de servicios de nube segura.<\/p>\n<p><strong>Requisitos del sistema:<\/strong><\/p>\n<ul>\n<li>Procesador: procesador de 64 bits a 1,4 GHz<\/li>\n<li>Memoria de trabajo: 512 MB<\/li>\n<li>Espacio disponible en el disco duro: 32 GB<\/li>\n<li>Monitor con resoluci\u00f3n Super VGA (800 x 600) o superior<\/li>\n<li>Teclado y rat\u00f3n Microsoft (o dispositivo se\u00f1alador compatible)<\/li>\n<\/ul>\n<p><strong>Apoyo:<\/strong><\/p>\n<p class=\"translation-block\">Si tiene alguna pregunta, no dude en ponerse en contacto con nosotros <a href=\"mailto:deutschland@softwarelizenzexpress.de\" target=\"_self\" rel=\"noopener\">por correo electr\u00f3nico<\/a>. Nuestro servicio de atenci\u00f3n al cliente est\u00e1 disponible 7 d\u00edas a la semana, 24 horas al d\u00eda.<\/p>","protected":false},"excerpt":{"rendered":"<ul>\n<li>Microsoft Windows Server 2012<\/li>\n<li>Versiones disponibles para sistemas de 32 y 64 bits<\/li>\n<li>Env\u00edo por correo electr\u00f3nico: Clave del producto, instrucciones, enlaces de descarga, factura<\/li>\n<li>Descarga inmediata<\/li>\n<li>Sin l\u00edmite de tiempo, sin suscripci\u00f3n<\/li>\n<li>Asistencia gratuita para la instalaci\u00f3n y activaci\u00f3n<\/li>\n<li>No entrega en soportes de datos (USB, CD, etc.)<\/li>\n<li>Activaci\u00f3n en l\u00ednea y por tel\u00e9fono<\/li>\n<\/ul>","protected":false},"featured_media":53645,"comment_status":"open","ping_status":"closed","template":"","meta":{"_acf_changed":false},"product_brand":[],"product_cat":[17],"product_tag":[],"class_list":{"0":"post-2499","1":"product","2":"type-product","3":"status-publish","4":"has-post-thumbnail","6":"product_cat-windows-servers","8":"first","9":"instock","10":"sale","11":"virtual","12":"taxable","13":"purchasable","14":"product-type-simple"},"acf":[],"_links":{"self":[{"href":"https:\/\/softwarelizenzexpress.de\/es\/wp-json\/wp\/v2\/product\/2499","targetHints":{"allow":["GET"]}}],"collection":[{"href":"https:\/\/softwarelizenzexpress.de\/es\/wp-json\/wp\/v2\/product"}],"about":[{"href":"https:\/\/softwarelizenzexpress.de\/es\/wp-json\/wp\/v2\/types\/product"}],"replies":[{"embeddable":true,"href":"https:\/\/softwarelizenzexpress.de\/es\/wp-json\/wp\/v2\/comments?post=2499"}],"wp:featuredmedia":[{"embeddable":true,"href":"https:\/\/softwarelizenzexpress.de\/es\/wp-json\/wp\/v2\/media\/53645"}],"wp:attachment":[{"href":"https:\/\/softwarelizenzexpress.de\/es\/wp-json\/wp\/v2\/media?parent=2499"}],"wp:term":[{"taxonomy":"product_brand","embeddable":true,"href":"https:\/\/softwarelizenzexpress.de\/es\/wp-json\/wp\/v2\/product_brand?post=2499"},{"taxonomy":"product_cat","embeddable":true,"href":"https:\/\/softwarelizenzexpress.de\/es\/wp-json\/wp\/v2\/product_cat?post=2499"},{"taxonomy":"product_tag","embeddable":true,"href":"https:\/\/softwarelizenzexpress.de\/es\/wp-json\/wp\/v2\/product_tag?post=2499"}],"curies":[{"name":"wp","href":"https:\/\/api.w.org\/{rel}","templated":true}]}}