{"id":2490,"date":"2021-01-17T14:42:42","date_gmt":"2021-01-17T13:42:42","guid":{"rendered":"http:\/\/shop.windowsandoffice.net\/product\/import-placeholder-for-396\/"},"modified":"2024-07-09T16:12:58","modified_gmt":"2024-07-09T14:12:58","slug":"windows-server-2016-std-ess-dc-versions","status":"publish","type":"product","link":"https:\/\/softwarelizenzexpress.de\/es\/product\/windows-server-2016-std-ess-dc-versions\/","title":{"rendered":"Microsoft Windows Server 2016"},"content":{"rendered":"<p>Windows Server 2016 es el sucesor del est\u00e1ndar l\u00edder del sector para sistemas operativos de servidor. Ayuda a las empresas a tener \u00e9xito en la era moderna de la nube y los dispositivos m\u00f3viles. Hay tres versiones diferentes disponibles:<\/p>\n<p><strong>Windows Server 2016 Essentials<\/strong><\/p>\n<p>es una soluci\u00f3n de servidor flexible, rentable y f\u00e1cil de usar dise\u00f1ada para peque\u00f1as empresas con hasta 25 usuarios y 50 dispositivos. Windows Server Essentials es un primer servidor ideal y tambi\u00e9n puede utilizarse como servidor principal en un entorno multiservidor para peque\u00f1as empresas.<\/p>\n<p><strong>Windows Server 2016 Est\u00e1ndar<\/strong><\/p>\n<p>La versi\u00f3n est\u00e1ndar de Windows Server 2016 ofrece un buen soporte para las empresas que quieren virtualizar su entorno de trabajo. Esta versi\u00f3n incluye:<\/p>\n<ul>\n<li>2 m\u00e1quinas virtuales<\/li>\n<li>2 contenedores Hyper-V<\/li>\n<li>N\u00famero ilimitado de contenedores Windows Server<\/li>\n<\/ul>\n<p><strong>Windows Server 2016 Datacenter<\/strong><\/p>\n<p>Esta edici\u00f3n es ideal para empresas de todos los tama\u00f1os que requieren cargas de trabajo de TI exigentes que requieren almacenamiento avanzado, virtualizaci\u00f3n y entrega de aplicaciones. La edici\u00f3n incluye:<\/p>\n<ul>\n<li>N\u00famero ilimitado de m\u00e1quinas virtuales<\/li>\n<li>N\u00famero ilimitado de contenedores Hyper-V<\/li>\n<li>N\u00famero ilimitado de contenedores Windows Server<\/li>\n<li>Funciones de almacenamiento que incluyen Storage Replica y Storage Spaces Direct<\/li>\n<li>Nueva pila de red optimizada<\/li>\n<li>M\u00e1quinas virtuales protegidas y servicios Host Guardian<\/li>\n<\/ul>\n<p><strong>Requisitos del sistema:<\/strong><\/p>\n<ul>\n<li>Procesador: procesador de 64 bits a 1,4 GHz<\/li>\n<li>Memoria: 512 MB (2 Gb para servidores con la opci\u00f3n de instalaci\u00f3n \"Experiencia de escritorio\")<\/li>\n<li>Espacio disponible en el disco duro: 60 GB<\/li>\n<li>Monitor con resoluci\u00f3n Super VGA (800 x 600) o superior<\/li>\n<li>Teclado y rat\u00f3n Microsoft (o dispositivo se\u00f1alador compatible)<\/li>\n<\/ul>\n<p><strong>Apoyo:<\/strong><\/p>\n<p class=\"translation-block\">Si tiene alguna pregunta, no dude en ponerse en contacto con nosotros <a href=\"mailto:deutschland@softwarelizenzexpress.de\" target=\"_self\" rel=\"noopener\">por correo electr\u00f3nico<\/a>. Nuestro servicio de atenci\u00f3n al cliente est\u00e1 disponible 7 d\u00edas a la semana, 24 horas al d\u00eda.<\/p>","protected":false},"excerpt":{"rendered":"<ul>\n<li>Microsoft Windows Server 2016 (las CAL se venden por separado)<\/li>\n<li>Versiones disponibles para sistemas de 32 y 64 bits<\/li>\n<li>Env\u00edo por correo electr\u00f3nico: Clave del producto, instrucciones, enlaces de descarga, factura<\/li>\n<li>Descarga inmediata<\/li>\n<li>Sin l\u00edmite de tiempo, sin suscripci\u00f3n<\/li>\n<li>Asistencia gratuita para la instalaci\u00f3n y activaci\u00f3n<\/li>\n<li>No entrega en soportes de datos (USB, CD, etc.)<\/li>\n<li>Activaci\u00f3n en l\u00ednea y por tel\u00e9fono<\/li>\n<\/ul>","protected":false},"featured_media":53646,"comment_status":"open","ping_status":"closed","template":"","meta":{"_acf_changed":false},"product_brand":[],"product_cat":[17],"product_tag":[105],"class_list":{"0":"post-2490","1":"product","2":"type-product","3":"status-publish","4":"has-post-thumbnail","6":"product_cat-windows-servers","7":"product_tag-windows","9":"first","10":"instock","11":"sale","12":"virtual","13":"taxable","14":"purchasable","15":"product-type-simple"},"acf":[],"_links":{"self":[{"href":"https:\/\/softwarelizenzexpress.de\/es\/wp-json\/wp\/v2\/product\/2490","targetHints":{"allow":["GET"]}}],"collection":[{"href":"https:\/\/softwarelizenzexpress.de\/es\/wp-json\/wp\/v2\/product"}],"about":[{"href":"https:\/\/softwarelizenzexpress.de\/es\/wp-json\/wp\/v2\/types\/product"}],"replies":[{"embeddable":true,"href":"https:\/\/softwarelizenzexpress.de\/es\/wp-json\/wp\/v2\/comments?post=2490"}],"wp:featuredmedia":[{"embeddable":true,"href":"https:\/\/softwarelizenzexpress.de\/es\/wp-json\/wp\/v2\/media\/53646"}],"wp:attachment":[{"href":"https:\/\/softwarelizenzexpress.de\/es\/wp-json\/wp\/v2\/media?parent=2490"}],"wp:term":[{"taxonomy":"product_brand","embeddable":true,"href":"https:\/\/softwarelizenzexpress.de\/es\/wp-json\/wp\/v2\/product_brand?post=2490"},{"taxonomy":"product_cat","embeddable":true,"href":"https:\/\/softwarelizenzexpress.de\/es\/wp-json\/wp\/v2\/product_cat?post=2490"},{"taxonomy":"product_tag","embeddable":true,"href":"https:\/\/softwarelizenzexpress.de\/es\/wp-json\/wp\/v2\/product_tag?post=2490"}],"curies":[{"name":"wp","href":"https:\/\/api.w.org\/{rel}","templated":true}]}}