{"id":2470,"date":"2021-03-01T14:42:41","date_gmt":"2021-03-01T13:42:41","guid":{"rendered":"http:\/\/shop.windowsandoffice.net\/product\/import-placeholder-for-375\/"},"modified":"2026-04-16T18:11:07","modified_gmt":"2026-04-16T16:11:07","slug":"ms-office-2010","status":"publish","type":"product","link":"https:\/\/softwarelizenzexpress.de\/es\/product\/ms-office-2010\/","title":{"rendered":"Licencia Microsoft Office 2010 Professional Plus para 3 PC"},"content":{"rendered":"<p>Con Office 2010, Microsoft integra varias novedades en el software de Office: en el futuro, tambi\u00e9n habr\u00e1 aplicaciones web para Word, Excel y compa\u00f1\u00eda en paralelo a la versi\u00f3n de escritorio.<\/p>\n<p>El paquete Office tambi\u00e9n admite por primera vez el formato Office Open XML con certificaci\u00f3n ISO. Office 2010 tambi\u00e9n ofrece una cinta de navegaci\u00f3n revisada con el aspecto de Windows 7 y potentes funciones para el bot\u00f3n Office.<\/p>\n<p>Microsoft Office 2010 Professional Plus incluye estas aplicaciones:<\/p>\n<ul>\n<li><strong>Word 2010<\/strong>\u00a0- para la creaci\u00f3n de documentos atractivos<\/li>\n<li><strong>Excel 2010<\/strong>\u00a0- para an\u00e1lisis y evaluaciones<\/li>\n<li><strong>PowerPoint 2010<\/strong>\u00a0- para presentaciones sofisticadas<\/li>\n<li><strong>Outlook 2010<\/strong>\u00a0- para gestionar el correo electr\u00f3nico, los contactos, la agenda y las tareas<\/li>\n<li><strong>OneNote 2010<\/strong>\u00a0- para sus notas<\/li>\n<li><strong>Editorial 2010<\/strong>\u00a0- para la creaci\u00f3n de publicaciones profesionales<\/li>\n<li><strong>Acceso 2010<\/strong>\u00a0- para aplicaciones de bases de datos basadas en navegador<\/li>\n<li><strong>Aplicaciones web<\/strong>\u00a0(Word, Excel, PowerPoint, OneNote)<\/li>\n<li><strong>InfoPath<\/strong>\u00a0- para dise\u00f1ar, distribuir y cumplimentar formularios electr\u00f3nicos<\/li>\n<li><strong>Comunicador<\/strong>\u00a0- para el contacto con clientes y colegas<\/li>\n<li><strong>Espacio de trabajo SharePoint<\/strong>\u00a0- para colaborar con clientes, colegas y proveedores con independencia de su ubicaci\u00f3n.<\/li>\n<\/ul>\n<p><strong>Requisitos del sistema:<\/strong><\/p>\n<ul>\n<li>Procesador: 500 megahercios (MHz) o superior; 1 gigahercio (GHz) para Outlook con Business Contact Manager<\/li>\n<li>Memoria: 512 MB o m\u00e1s<\/li>\n<li>Espacio disponible en el disco duro: 3,5 gigabytes (GB)<\/li>\n<li>Para la versi\u00f3n de 32 bits de Office 2010: Windows XP (SP 3), Windows Server 2003 (SP2), MSXML 6.0<\/li>\n<li>Para las versiones de 32 o 64 bits de Office 2010: Windows Vista (SP1), Windows Server 2008, Windows 7, Terminal Server, Windows en Windows (WOW)<\/li>\n<\/ul>\n<p><strong>Apoyo:<\/strong><\/p>\n<p class=\"translation-block\">Si tiene alguna pregunta, no dude en ponerse en contacto con nosotros <a href=\"mailto:deutschland@softwarelizenzexpress.de\" target=\"_self\" rel=\"noopener\">por correo electr\u00f3nico<\/a>. Nuestro servicio de atenci\u00f3n al cliente est\u00e1 disponible 7 d\u00edas a la semana, 24 horas al d\u00eda.<\/p>","protected":false},"excerpt":{"rendered":"<ul>\n<li>Licencia Microsoft Office 2010 Professional Plus para 3 PC<\/li>\n<li><strong>Con esta licencia, el software puede activarse en 3 dispositivos diferentes, por ejemplo, el PC de casa, el port\u00e1til y el PC del trabajo.<\/strong><\/li>\n<li>Versi\u00f3n para sistemas de 32 y 64 bits, versiones completas ilimitadas del software <strong>del socio de oro certificado de Microsoft<\/strong><\/li>\n<li><strong>Reembolso completo en 30 d\u00edas - \u00a1Garant\u00eda de sustituci\u00f3n de por vida!<\/strong><\/li>\n<li>Entrega por correo electr\u00f3nico: Clave del producto, instrucciones, enlaces de descarga, factura<\/li>\n<li>Descarga inmediata<\/li>\n<li>Sin l\u00edmite de tiempo, sin suscripci\u00f3n<\/li>\n<li>Asistencia 24\/7 gratuita para problemas de instalaci\u00f3n y activaci\u00f3n<\/li>\n<li>No entrega en soportes de datos (USB, CD, etc.)<\/li>\n<li>Activaci\u00f3n en l\u00ednea y por tel\u00e9fono<\/li>\n<li>Idiomas: Ingl\u00e9s, espa\u00f1ol, italiano, alem\u00e1n y franc\u00e9s<\/li>\n<li><strong><span style=\"color: #008000;\"> Este producto es compatible con Microsoft Windows.<\/span><\/strong><\/li>\n<li><strong><span style=\"color: #ff0000;\">NO compatible con Apple macOS\u2122, dispositivos Android y Chromebooks.<\/span><\/strong><\/li>\n<\/ul>","protected":false},"featured_media":53647,"comment_status":"open","ping_status":"closed","template":"","meta":{"_acf_changed":false},"product_brand":[],"product_cat":[15],"product_tag":[108,111],"class_list":{"0":"post-2470","1":"product","2":"type-product","3":"status-publish","4":"has-post-thumbnail","6":"product_cat-ms-office","7":"product_tag-ms-office","8":"product_tag-ms-office-2010","10":"first","11":"instock","12":"sale","13":"virtual","14":"taxable","15":"purchasable","16":"product-type-simple"},"acf":[],"_links":{"self":[{"href":"https:\/\/softwarelizenzexpress.de\/es\/wp-json\/wp\/v2\/product\/2470","targetHints":{"allow":["GET"]}}],"collection":[{"href":"https:\/\/softwarelizenzexpress.de\/es\/wp-json\/wp\/v2\/product"}],"about":[{"href":"https:\/\/softwarelizenzexpress.de\/es\/wp-json\/wp\/v2\/types\/product"}],"replies":[{"embeddable":true,"href":"https:\/\/softwarelizenzexpress.de\/es\/wp-json\/wp\/v2\/comments?post=2470"}],"wp:featuredmedia":[{"embeddable":true,"href":"https:\/\/softwarelizenzexpress.de\/es\/wp-json\/wp\/v2\/media\/53647"}],"wp:attachment":[{"href":"https:\/\/softwarelizenzexpress.de\/es\/wp-json\/wp\/v2\/media?parent=2470"}],"wp:term":[{"taxonomy":"product_brand","embeddable":true,"href":"https:\/\/softwarelizenzexpress.de\/es\/wp-json\/wp\/v2\/product_brand?post=2470"},{"taxonomy":"product_cat","embeddable":true,"href":"https:\/\/softwarelizenzexpress.de\/es\/wp-json\/wp\/v2\/product_cat?post=2470"},{"taxonomy":"product_tag","embeddable":true,"href":"https:\/\/softwarelizenzexpress.de\/es\/wp-json\/wp\/v2\/product_tag?post=2470"}],"curies":[{"name":"wp","href":"https:\/\/api.w.org\/{rel}","templated":true}]}}