{"id":2464,"date":"2021-03-05T14:42:40","date_gmt":"2021-03-05T13:42:40","guid":{"rendered":"http:\/\/shop.windowsandoffice.net\/product\/import-placeholder-for-368\/"},"modified":"2026-04-16T18:11:07","modified_gmt":"2026-04-16T16:11:07","slug":"ms-office-2013","status":"publish","type":"product","link":"https:\/\/softwarelizenzexpress.de\/es\/product\/ms-office-2013\/","title":{"rendered":"Licencia Microsoft Office 2013 Professional Plus para 3 PC"},"content":{"rendered":"<h2 data-no-translation=\"\" data-trp-gettext=\"\">Beschreibung<\/h2>\n<p>Con los programas incluidos, Microsoft Office 2013 Professional Plus cumple todos los requisitos de un software ofim\u00e1tico completo. Ya sea para crear cartas modelo, analizar cifras comerciales, dise\u00f1ar presentaciones, crear bases de datos o gestionar el correo electr\u00f3nico, con las aplicaciones de Office podr\u00e1 llevar a cabo sus proyectos profesionales y privados en un abrir y cerrar de ojos.<\/p>\n<p><strong>\u00bfQu\u00e9 programas incluye Office 2013 Professional Pus?<\/strong><\/p>\n<ul>\n<li><strong>Word 2013\u00a0<\/strong>- para crear y editar tus textos y documentos<\/li>\n<li><strong>Excel 2013\u00a0<\/strong>- para editar registros de datos en forma tabular<\/li>\n<li><strong>PowerPoint 2013\u00a0<\/strong>- para crear presentaciones cautivadoras<\/li>\n<li><strong>Perspectivas 2013<\/strong>\u00a0- para gestionar correos electr\u00f3nicos, contactos, citas y tareas<\/li>\n<li><strong>OneNote 2013<\/strong>\u00a0- para crear y gestionar sus notas<\/li>\n<li><strong>Editorial 2013<\/strong>\u00a0- para la creaci\u00f3n sencilla de publicaciones de aspecto profesional<\/li>\n<li><strong>Acceso 2013<\/strong>\u00a0- para la creaci\u00f3n de bases de datos con acceso a Internet<\/li>\n<\/ul>\n<p>Adem\u00e1s de los formatos OpenDocument, los programas del paquete Office tambi\u00e9n son compatibles con los formatos Open XML. Una caracter\u00edstica especial: los archivos PDF se pueden visualizar y editar en Word. Microsoft Office Professional Plus 2013 tambi\u00e9n hace hincapi\u00e9 en la movilidad. El acceso centralizado a los datos desde varios dispositivos finales es posible con la ayuda del almacenamiento en la nube OneDrive. Para ello, el programa tambi\u00e9n puede adaptarse a dispositivos t\u00e1ctiles. De este modo, el usuario puede acceder a trav\u00e9s de un PC de sobremesa, un port\u00e1til, una tableta, un dispositivo h\u00edbrido o un smartphone.<\/p>\n<p>La aplicaci\u00f3n de mensajer\u00eda Lync (Skype for Business) simplifica la comunicaci\u00f3n interna y externa de las empresas. Los usuarios pueden chatear, utilizar la telefon\u00eda IP o participar en videoconferencias a trav\u00e9s de diversos medios de comunicaci\u00f3n. InfoPath, por su parte, permite integrar formularios electr\u00f3nicos en el trabajo y compartirlos con las personas deseadas. En general, estas aplicaciones adicionales de Microsoft Office 2013 Pro Plus permiten utilizar los canales de comunicaci\u00f3n de forma m\u00e1s eficiente. Los datos son m\u00e1s f\u00e1cilmente accesibles. El usuario puede cotejarlos y editarlos m\u00e1s f\u00e1cilmente.<\/p>\n<p><strong>Requisitos del sistema:<\/strong><\/p>\n<ul>\n<li>Procesador de doble n\u00facleo a 1,4 GHz<\/li>\n<li>Windows 7, Windows 8, Windows 10<\/li>\n<li>1 GB (32 bits), 2 GB (64 bits) RAM<\/li>\n<li>3 GB de espacio disponible en el disco duro<\/li>\n<li>La aceleraci\u00f3n gr\u00e1fica requiere una tarjeta gr\u00e1fica compatible con DirectX 9.<\/li>\n<\/ul>","protected":false},"excerpt":{"rendered":"<ul>\n<li>Licencia Microsoft Office 2013 Professional Plus para 3 PC<\/li>\n<li><strong>Con esta licencia, el software puede activarse en 3 dispositivos diferentes, por ejemplo, el PC de casa, el port\u00e1til y el PC del trabajo.<\/strong><\/li>\n<li>Versi\u00f3n para sistemas de 32 y 64 bits, versiones completas ilimitadas del software <strong>del socio de oro certificado de Microsoft<\/strong><\/li>\n<li><strong>Reembolso completo en 30 d\u00edas - \u00a1Garant\u00eda de sustituci\u00f3n de por vida!<\/strong><\/li>\n<li>Entrega por correo electr\u00f3nico: Clave del producto, instrucciones, enlaces de descarga, factura<\/li>\n<li>Descarga inmediata<\/li>\n<li>Sin l\u00edmite de tiempo, sin suscripci\u00f3n<\/li>\n<li>Asistencia 24\/7 gratuita para problemas de instalaci\u00f3n y activaci\u00f3n<\/li>\n<li>No entrega en soportes de datos (USB, CD, etc.)<\/li>\n<li>Activaci\u00f3n en l\u00ednea y por tel\u00e9fono<\/li>\n<li>Idiomas: Ingl\u00e9s, espa\u00f1ol, italiano, alem\u00e1n y franc\u00e9s<\/li>\n<li><strong><span style=\"color: #008000;\"> Este producto es compatible con Microsoft Windows.<\/span><\/strong><\/li>\n<li><strong><span style=\"color: #ff0000;\">NO compatible con Apple macOS\u2122, dispositivos Android y Chromebooks.<\/span><\/strong><\/li>\n<\/ul>","protected":false},"featured_media":53533,"comment_status":"open","ping_status":"closed","template":"","meta":{"_acf_changed":false},"product_brand":[],"product_cat":[15],"product_tag":[108],"class_list":{"0":"post-2464","1":"product","2":"type-product","3":"status-publish","4":"has-post-thumbnail","6":"product_cat-ms-office","7":"product_tag-ms-office","9":"first","10":"instock","11":"sale","12":"virtual","13":"taxable","14":"purchasable","15":"product-type-simple"},"acf":[],"_links":{"self":[{"href":"https:\/\/softwarelizenzexpress.de\/es\/wp-json\/wp\/v2\/product\/2464","targetHints":{"allow":["GET"]}}],"collection":[{"href":"https:\/\/softwarelizenzexpress.de\/es\/wp-json\/wp\/v2\/product"}],"about":[{"href":"https:\/\/softwarelizenzexpress.de\/es\/wp-json\/wp\/v2\/types\/product"}],"replies":[{"embeddable":true,"href":"https:\/\/softwarelizenzexpress.de\/es\/wp-json\/wp\/v2\/comments?post=2464"}],"wp:featuredmedia":[{"embeddable":true,"href":"https:\/\/softwarelizenzexpress.de\/es\/wp-json\/wp\/v2\/media\/53533"}],"wp:attachment":[{"href":"https:\/\/softwarelizenzexpress.de\/es\/wp-json\/wp\/v2\/media?parent=2464"}],"wp:term":[{"taxonomy":"product_brand","embeddable":true,"href":"https:\/\/softwarelizenzexpress.de\/es\/wp-json\/wp\/v2\/product_brand?post=2464"},{"taxonomy":"product_cat","embeddable":true,"href":"https:\/\/softwarelizenzexpress.de\/es\/wp-json\/wp\/v2\/product_cat?post=2464"},{"taxonomy":"product_tag","embeddable":true,"href":"https:\/\/softwarelizenzexpress.de\/es\/wp-json\/wp\/v2\/product_tag?post=2464"}],"curies":[{"name":"wp","href":"https:\/\/api.w.org\/{rel}","templated":true}]}}