{"id":2454,"date":"2021-03-13T14:42:27","date_gmt":"2021-03-13T13:42:27","guid":{"rendered":"http:\/\/shop.windowsandoffice.net\/product\/import-placeholder-for-361\/"},"modified":"2026-04-16T18:11:07","modified_gmt":"2026-04-16T16:11:07","slug":"ms-office-2016","status":"publish","type":"product","link":"https:\/\/softwarelizenzexpress.de\/es\/product\/ms-office-2016\/","title":{"rendered":"Licencia Microsoft Office 2016 Professional Plus para 3 PC"},"content":{"rendered":"<p>Con los programas incluidos, Microsoft Office 2016 Professional Plus cumple todos los requisitos de un software ofim\u00e1tico completo. Ya sea para crear cartas modelo, analizar cifras comerciales, dise\u00f1ar presentaciones, crear bases de datos o gestionar el correo electr\u00f3nico, con las aplicaciones de Office podr\u00e1 completar sus proyectos profesionales y privados en un abrir y cerrar de ojos.<\/p>\n<p><strong>\u00bfQu\u00e9 programas incluye Office 2016 Professional Pus?<\/strong><\/p>\n<ul>\n<li><strong>Word 2016\u00a0<\/strong>- para crear y editar tus textos y documentos<\/li>\n<li><strong>Excel 2016\u00a0<\/strong>- para editar registros de datos en forma tabular<\/li>\n<li><strong>PowerPoint 2016\u00a0<\/strong>- para crear presentaciones cautivadoras<\/li>\n<li><strong>Perspectivas 2016<\/strong>\u00a0- para gestionar correos electr\u00f3nicos, contactos, citas y tareas<\/li>\n<li><strong>OneNote 2016<\/strong>\u00a0- para crear y gestionar sus notas<\/li>\n<li><strong>Editorial 2016<\/strong>\u00a0- para la creaci\u00f3n sencilla de publicaciones de aspecto profesional<\/li>\n<li><strong>Acceso 2016<\/strong>\u00a0- para la creaci\u00f3n de bases de datos con acceso a Internet<\/li>\n<li><strong>Skype para empresas\u00a0<\/strong>- para una mayor productividad mediante mensajer\u00eda instant\u00e1nea y comunicaci\u00f3n sencilla<\/li>\n<\/ul>\n<p><strong>Nuevas funciones en Office 2016 Professional Plus<\/strong><\/p>\n<ul>\n<li>\"Insights\" te permite buscar informaci\u00f3n relevante directamente desde el documento en el que est\u00e1s trabajando. Integra el motor de b\u00fasqueda Bing en tu entorno de trabajo El asistente \"Tell Me\" te permite encontrar funciones del programa m\u00e1s r\u00e1pidamente.<\/li>\n<li>\u00a0El asistente \"Tell Me\" le permite encontrar m\u00e1s r\u00e1pidamente las funciones del programa.<\/li>\n<li>La funci\u00f3n de autorrelleno de Excel reconoce patrones y completa autom\u00e1ticamente las series de datos. Las tendencias y evoluciones futuras pueden preverse f\u00e1cilmente.<\/li>\n<li>La opci\u00f3n \"Photo Print\" integrada en Pulisher reduce el tiempo de procesamiento y garantiza una impresi\u00f3n profesional<\/li>\n<li>Ahora las presentaciones de PowerPoint pueden compartirse en l\u00ednea. No es necesario tener instalado PowerPoint para reproducirlas, por ejemplo, en las instalaciones del cliente.<\/li>\n<li>El modo nocturno permite trabajar de forma llamativa y sin fatiga<\/li>\n<li>El servicio en la nube OneDrive ofrece 5 GB de espacio de almacenamiento gratuito para una colaboraci\u00f3n y un trabajo en equipo sencillos y eficaces.<\/li>\n<\/ul>\n<p>La versi\u00f3n revisada del popular programa ofim\u00e1tico viene con varias funciones nuevas que le proporcionar\u00e1n una excelente ayuda en su trabajo diario. La funci\u00f3n \"Insights\" te permite buscar informaci\u00f3n que puedas utilizar para tus fines directamente desde documentos en Internet a trav\u00e9s de Bing. Inserta los resultados directamente en tus documentos y consigue resultados a\u00fan mejores. Si no encuentras la funci\u00f3n que buscas o necesitas ayuda para utilizarla, el asistente de b\u00fasqueda \"Tell Me\" est\u00e1 ah\u00ed para ayudarte. Con su ayuda se pueden encontrar r\u00e1pidamente funciones individuales dentro de los programas. Adem\u00e1s, el nuevo men\u00fa de cinta le permite tener siempre a mano todas las funciones importantes. La navegaci\u00f3n intuitiva dentro de los programas est\u00e1 garantizada en Microsoft Office Professional Plus 2016. El enlace a OneDrive permite trabajar de forma flexible y compartir contenidos f\u00e1cilmente con los compa\u00f1eros.<\/p>\n<p>Skype for Business integrado en Office Pro Plus 2016 mejora la comunicaci\u00f3n en tu empresa. Mantente en contacto permanente con empleados y compa\u00f1eros. Gracias a Office 2016 Professional Plus, puedes utilizar nuevas posibilidades de telefon\u00eda IP, mensajer\u00eda instant\u00e1nea y videoconferencia. Con solo unos clics, puedes intercambiar informaci\u00f3n, responder a preguntas sobre proyectos y celebrar reuniones virtuales. Gracias al intercambio de datos a trav\u00e9s de OneDrive, ser\u00e1s m\u00e1s flexible que nunca. Trabajar juntos, independientemente de su ubicaci\u00f3n, permite que sus proyectos avancen de forma constante. Garantice una mayor productividad en su empresa con Microsoft Office Professional Plus 2016.<\/p>\n<p><strong>Requisitos del sistema:<\/strong><\/p>\n<ul>\n<li>Procesador de doble n\u00facleo a 1,4 GHz<\/li>\n<li>Windows 7 SP1, Windows 8, Windows 10<\/li>\n<li>1 GB (32 bits), 2 GB (64 bits) RAM<\/li>\n<li>3 GB de espacio disponible en el disco duro<\/li>\n<li>La aceleraci\u00f3n gr\u00e1fica requiere una tarjeta gr\u00e1fica compatible con DirectX 9.<\/li>\n<\/ul>\n<p><strong>Apoyo:<\/strong><\/p>\n<p class=\"translation-block\">Si tiene alguna pregunta, no dude en ponerse en contacto con nosotros <a href=\"mailto:deutschland@softwarelizenzexpress.de\" target=\"_self\" rel=\"noopener\">por correo electr\u00f3nico<\/a>. Nuestro servicio de atenci\u00f3n al cliente est\u00e1 disponible 7 d\u00edas a la semana, 24 horas al d\u00eda.<\/p>","protected":false},"excerpt":{"rendered":"<ul>\n<li>Licencia Microsoft Office 2016 Professional Plus para 3 PC<\/li>\n<li><strong>Con esta licencia, el software puede activarse en 3 dispositivos diferentes, por ejemplo, el PC de casa, el port\u00e1til y el PC del trabajo.<\/strong><\/li>\n<li>Versi\u00f3n para sistemas de 32 y 64 bits, versiones completas ilimitadas del software <strong>del socio de oro certificado de Microsoft<\/strong><\/li>\n<li><strong>Reembolso completo en 30 d\u00edas - \u00a1Garant\u00eda de sustituci\u00f3n de por vida!<\/strong><\/li>\n<li>Entrega por correo electr\u00f3nico: Clave del producto, instrucciones, enlaces de descarga, factura<\/li>\n<li>Descarga inmediata<\/li>\n<li>Sin l\u00edmite de tiempo, sin suscripci\u00f3n<\/li>\n<li>Asistencia 24\/7 gratuita para problemas de instalaci\u00f3n y activaci\u00f3n<\/li>\n<li>No entrega en soportes de datos (USB, CD, etc.)<\/li>\n<li>Activaci\u00f3n en l\u00ednea y por tel\u00e9fono<\/li>\n<li>Idiomas: Ingl\u00e9s, espa\u00f1ol, italiano, alem\u00e1n y franc\u00e9s<\/li>\n<li><strong><span style=\"color: #008000;\"> Este producto es compatible con Microsoft Windows.<\/span><\/strong><\/li>\n<li><strong><span style=\"color: #ff0000;\">NO compatible con Apple macOS\u2122, dispositivos Android y Chromebooks.<\/span><\/strong><\/li>\n<\/ul>","protected":false},"featured_media":53536,"comment_status":"open","ping_status":"closed","template":"","meta":{"_acf_changed":false},"product_brand":[],"product_cat":[15],"product_tag":[108,110],"class_list":{"0":"post-2454","1":"product","2":"type-product","3":"status-publish","4":"has-post-thumbnail","6":"product_cat-ms-office","7":"product_tag-ms-office","8":"product_tag-ms-office-2016","10":"first","11":"instock","12":"sale","13":"virtual","14":"taxable","15":"purchasable","16":"product-type-simple"},"acf":[],"_links":{"self":[{"href":"https:\/\/softwarelizenzexpress.de\/es\/wp-json\/wp\/v2\/product\/2454","targetHints":{"allow":["GET"]}}],"collection":[{"href":"https:\/\/softwarelizenzexpress.de\/es\/wp-json\/wp\/v2\/product"}],"about":[{"href":"https:\/\/softwarelizenzexpress.de\/es\/wp-json\/wp\/v2\/types\/product"}],"replies":[{"embeddable":true,"href":"https:\/\/softwarelizenzexpress.de\/es\/wp-json\/wp\/v2\/comments?post=2454"}],"wp:featuredmedia":[{"embeddable":true,"href":"https:\/\/softwarelizenzexpress.de\/es\/wp-json\/wp\/v2\/media\/53536"}],"wp:attachment":[{"href":"https:\/\/softwarelizenzexpress.de\/es\/wp-json\/wp\/v2\/media?parent=2454"}],"wp:term":[{"taxonomy":"product_brand","embeddable":true,"href":"https:\/\/softwarelizenzexpress.de\/es\/wp-json\/wp\/v2\/product_brand?post=2454"},{"taxonomy":"product_cat","embeddable":true,"href":"https:\/\/softwarelizenzexpress.de\/es\/wp-json\/wp\/v2\/product_cat?post=2454"},{"taxonomy":"product_tag","embeddable":true,"href":"https:\/\/softwarelizenzexpress.de\/es\/wp-json\/wp\/v2\/product_tag?post=2454"}],"curies":[{"name":"wp","href":"https:\/\/api.w.org\/{rel}","templated":true}]}}