{"id":2436,"date":"2021-04-15T14:42:25","date_gmt":"2021-04-15T12:42:25","guid":{"rendered":"http:\/\/shop.windowsandoffice.net\/product\/import-placeholder-for-229\/"},"modified":"2026-04-16T18:11:07","modified_gmt":"2026-04-16T16:11:07","slug":"windows-10-home","status":"publish","type":"product","link":"https:\/\/softwarelizenzexpress.de\/es\/product\/windows-10-home\/","title":{"rendered":"Microsoft Windows 10 Home"},"content":{"rendered":"<p>Con un ordenador con Windows 10 Home, todas las opciones est\u00e1n abiertas.<\/p>\n<ul>\n<li>Funciones de seguridad integradas, como software antivirus, cortafuegos y mecanismos de protecci\u00f3n en Internet.<\/li>\n<li>Escanee su cara o huella dactilar con Windows Hello para desbloquear el equipo de forma r\u00e1pida, segura y sin contrase\u00f1a.<\/li>\n<li>Con el asistente de notificaciones, puede bloquear notificaciones, sonidos y alertas para no distraerse mientras trabaja.<\/li>\n<li>Puedes utilizar la l\u00ednea de tiempo para desplazarte r\u00e1pida y f\u00e1cilmente por los documentos, aplicaciones y sitios web que hayas utilizado m\u00e1s recientemente.<\/li>\n<li>Microsoft Fotos facilita la organizaci\u00f3n, exploraci\u00f3n, edici\u00f3n y uso compartido de tus fotos y v\u00eddeos<\/li>\n<li>Con Game Bar, puedes retransmitir tus partidas en directo al instante, hacer grabaciones de pantalla y ajustar con precisi\u00f3n la configuraci\u00f3n de audio.<\/li>\n<\/ul>\n<p>Se beneficiar\u00e1 de arranques m\u00e1s r\u00e1pidos del sistema, un men\u00fa de inicio familiar pero mejorado y nuevas formas de completar tareas de forma r\u00e1pida y eficaz. Tambi\u00e9n dispondr\u00e1 de nuevas funciones, como un navegador totalmente nuevo que le ayudar\u00e1 a navegar por Internet y su asistente digital personal Cortana. Cortana te acompa\u00f1a en todos tus dispositivos Windows 10 y te ayuda a hacer las cosas. Con el tiempo, Cortana aprende cada vez m\u00e1s sobre ti y puede ayudarte cada d\u00eda mejor.<\/p>\n<p><strong>Windows 10 Hogar<\/strong>\u00a0te ayuda de forma \u00f3ptima en todo lo que haces. Mantenga la visi\u00f3n de conjunto con s\u00f3lo acoplar aplicaciones y optimizar la pantalla para un trabajo m\u00e1s productivo. Acople hasta cuatro aplicaciones simult\u00e1neamente y cree escritorios virtuales si necesita m\u00e1s espacio o quiere agrupar contenidos para un proyecto, por ejemplo, aplicaciones de oficina para el trabajo y juegos para el ocio.<\/p>\n<p><strong>Windows 10<\/strong>\u00a0es compatible con el hardware, el software y los perif\u00e9ricos que ya posee. Mant\u00e9n tu sistema actualizado con nuevas funciones y caracter\u00edsticas de seguridad durante toda la vida \u00fatil del producto.<\/p>\n<p><strong>Requisitos del sistema:<br \/>\n<\/strong><\/p>\n<ul>\n<li>M\u00ednimo. Procesador de 1 GHz o superior<\/li>\n<li>1 GB (32 bits), 2 GB (64 bits) RAM<\/li>\n<li>20 GB de espacio disponible en el disco duro<\/li>\n<li>Tarjeta gr\u00e1fica con procesador gr\u00e1fico DirectX 9 y controlador WDDM<\/li>\n<\/ul>\n<p><strong>Apoyo:<\/strong><\/p>\n<p class=\"translation-block\">Si tiene alguna pregunta, no dude en ponerse en contacto con nosotros <a href=\"mailto:deutschland@softwarelizenzexpress.de\" target=\"_self\" rel=\"noopener\">por correo electr\u00f3nico<\/a>. Nuestro servicio de atenci\u00f3n al cliente est\u00e1 disponible 7 d\u00edas a la semana, 24 horas al d\u00eda.<\/p>","protected":false},"excerpt":{"rendered":"<ul>\n<li>Microsoft Windows 10 Home para 1 PC<\/li>\n<li>Versiones disponibles para sistemas de 32 y 64 bits<\/li>\n<li>Env\u00edo por correo electr\u00f3nico: Clave del producto, instrucciones, enlaces de descarga, factura<\/li>\n<li>Descarga inmediata<\/li>\n<li>Sin l\u00edmite de tiempo, sin suscripci\u00f3n<\/li>\n<li>Asistencia gratuita para la instalaci\u00f3n y activaci\u00f3n<\/li>\n<li>No entrega en soportes de datos (USB, CD, etc.)<\/li>\n<li>Activaci\u00f3n en l\u00ednea y por tel\u00e9fono<\/li>\n<li class=\"translation-block\">Este producto <strong>NO es compatible con los sistemas operativos de Apple<\/strong> (MacOS, iPadOS, iOS), <strong>Chromebooks<\/strong>.<\/li>\n<li><strong>NO compatible con dispositivos Android<\/strong><\/li>\n<\/ul>","protected":false},"featured_media":53634,"comment_status":"open","ping_status":"closed","template":"","meta":{"_acf_changed":false},"product_brand":[],"product_cat":[23],"product_tag":[106],"class_list":{"0":"post-2436","1":"product","2":"type-product","3":"status-publish","4":"has-post-thumbnail","6":"product_cat-windows-desktop","7":"product_tag-windows-10-pro","9":"first","10":"instock","11":"sale","12":"virtual","13":"taxable","14":"purchasable","15":"product-type-simple"},"acf":[],"_links":{"self":[{"href":"https:\/\/softwarelizenzexpress.de\/es\/wp-json\/wp\/v2\/product\/2436","targetHints":{"allow":["GET"]}}],"collection":[{"href":"https:\/\/softwarelizenzexpress.de\/es\/wp-json\/wp\/v2\/product"}],"about":[{"href":"https:\/\/softwarelizenzexpress.de\/es\/wp-json\/wp\/v2\/types\/product"}],"replies":[{"embeddable":true,"href":"https:\/\/softwarelizenzexpress.de\/es\/wp-json\/wp\/v2\/comments?post=2436"}],"wp:featuredmedia":[{"embeddable":true,"href":"https:\/\/softwarelizenzexpress.de\/es\/wp-json\/wp\/v2\/media\/53634"}],"wp:attachment":[{"href":"https:\/\/softwarelizenzexpress.de\/es\/wp-json\/wp\/v2\/media?parent=2436"}],"wp:term":[{"taxonomy":"product_brand","embeddable":true,"href":"https:\/\/softwarelizenzexpress.de\/es\/wp-json\/wp\/v2\/product_brand?post=2436"},{"taxonomy":"product_cat","embeddable":true,"href":"https:\/\/softwarelizenzexpress.de\/es\/wp-json\/wp\/v2\/product_cat?post=2436"},{"taxonomy":"product_tag","embeddable":true,"href":"https:\/\/softwarelizenzexpress.de\/es\/wp-json\/wp\/v2\/product_tag?post=2436"}],"curies":[{"name":"wp","href":"https:\/\/api.w.org\/{rel}","templated":true}]}}