{"id":22947,"date":"2022-03-04T13:07:05","date_gmt":"2022-03-04T12:07:05","guid":{"rendered":"https:\/\/shop.softwarelizenzexpress.de\/?post_type=product&#038;p=22947"},"modified":"2026-04-16T18:11:24","modified_gmt":"2026-04-16T16:11:24","slug":"windows-11-home","status":"publish","type":"product","link":"https:\/\/softwarelizenzexpress.de\/es\/product\/windows-11-home\/","title":{"rendered":"Microsoft Windows 11 Home"},"content":{"rendered":"<div id=\"primaryR2\" data-grid=\"container\" data-region-key=\"primaryr2\" data-m=\"{&quot;cN&quot;:&quot;primaryR2 1&quot;,&quot;cT&quot;:&quot;Region_coreui-region&quot;,&quot;id&quot;:&quot;r2a2&quot;,&quot;sN&quot;:2,&quot;aN&quot;:&quot;a2&quot;}\">\n<div id=\"coreui-banner-l03vzh8\" data-m=\"{&quot;cN&quot;:&quot;R2Banner 1&quot;,&quot;cT&quot;:&quot;Module_coreui-banner&quot;,&quot;id&quot;:&quot;m1r2a2&quot;,&quot;sN&quot;:1,&quot;aN&quot;:&quot;r2a2&quot;}\" data-module-id=\"WDG-Windows|primaryR2|coreui-region|coreui-banner-l03vzh8|coreui-banner\">\n<div class=\"m-banner f-align-left\" data-grid=\"col-12\">\n<h2>Windows 11 Hogar<\/h2>\n<\/div>\n<\/div>\n<\/div>\n<div id=\"primaryR3\" data-grid=\"container\" data-region-key=\"primaryr3\" data-m=\"{&quot;cN&quot;:&quot;primaryR3 1&quot;,&quot;cT&quot;:&quot;Region_coreui-region&quot;,&quot;id&quot;:&quot;r3a2&quot;,&quot;sN&quot;:3,&quot;aN&quot;:&quot;a2&quot;}\">\n<div id=\"coreui-contentrichblock-rhi1sei\" data-m=\"{&quot;cN&quot;:&quot;R2ContentRichBlock 1&quot;,&quot;cT&quot;:&quot;Module_coreui-contentrichblock&quot;,&quot;id&quot;:&quot;m3r3a2&quot;,&quot;sN&quot;:3,&quot;aN&quot;:&quot;r3a2&quot;}\" data-module-id=\"WDG-Windows|primaryR3|coreui-region|coreui-contentrichblock-rhi1sei|coreui-contentrichblock\">\n<div class=\"m-rich-content-block context-ucx\" data-grid=\"col-12\">\n<div>\n<div id=\"primaryR2\" data-grid=\"container\" data-region-key=\"primaryr2\" data-m=\"{&quot;cN&quot;:&quot;primaryR2 1&quot;,&quot;cT&quot;:&quot;Region_coreui-region&quot;,&quot;id&quot;:&quot;r2a2&quot;,&quot;sN&quot;:2,&quot;aN&quot;:&quot;a2&quot;}\">\n<div id=\"coreui-banner-l03vzh8\" data-m=\"{&quot;cN&quot;:&quot;R2Banner 1&quot;,&quot;cT&quot;:&quot;Module_coreui-banner&quot;,&quot;id&quot;:&quot;m1r2a2&quot;,&quot;sN&quot;:1,&quot;aN&quot;:&quot;r2a2&quot;}\" data-module-id=\"WDG-Windows|primaryR2|coreui-region|coreui-banner-l03vzh8|coreui-banner\">\n<div class=\"m-banner f-align-left\" data-grid=\"col-12\">\n<h2 class=\"c-heading-3\">Requisitos del sistema:<\/h2>\n<\/div>\n<\/div>\n<div id=\"coreui-divider-f6wmnt9\" data-m=\"{&quot;cN&quot;:&quot;R2Divider 1&quot;,&quot;cT&quot;:&quot;Module_coreui-divider&quot;,&quot;id&quot;:&quot;m2r2a2&quot;,&quot;sN&quot;:2,&quot;aN&quot;:&quot;r2a2&quot;}\" data-module-id=\"WDG-Windows|primaryR2|coreui-region|coreui-divider-f6wmnt9|coreui-divider\">\n<hr class=\"c-divider f-pad-top-3x\" data-grid=\"col-12\" \/>\n<\/div>\n<div id=\"coreui-contentrichblock-o5iouct\" data-m=\"{&quot;cN&quot;:&quot;R2ContentRichBlock 1&quot;,&quot;cT&quot;:&quot;Module_coreui-contentrichblock&quot;,&quot;id&quot;:&quot;m3r2a2&quot;,&quot;sN&quot;:3,&quot;aN&quot;:&quot;r2a2&quot;}\" data-module-id=\"WDG-Windows|primaryR2|coreui-region|coreui-contentrichblock-o5iouct|coreui-contentrichblock\">\n<div class=\"m-rich-content-block context-ucx\" data-grid=\"col-12\">\n<p>Prep\u00e1rate para el \u00faltimo y mejor sistema operativo de Microsoft. Esta edici\u00f3n est\u00e1 dirigida al usuario dom\u00e9stico y es muy adecuada para el uso diario, el trabajo creativo y los juegos.<\/p>\n<p class=\"translation-block\">Estos son los requisitos b\u00e1sicos para instalar Windows 11 en un PC. Si su dispositivo no cumple estos requisitos, es posible que no pueda instalar Windows 11 en su dispositivo y deber\u00eda considerar la compra de un nuevo PC. Si no est\u00e1 seguro de si su PC cumple estos requisitos, puede comprobarlo con el fabricante del equipo original (OEM) de su PC o, si su dispositivo ya ejecuta Windows 10, utilice la aplicaci\u00f3n PC Health Check para comprobar la compatibilidad (<a href=\"https:\/\/aka.ms\/GetPCHealthCheckApp\" target=\"_self\" rel=\"noopener\"><b>descargar<\/b><\/a>).<\/p>\n<\/div>\n<\/div>\n<div id=\"coreui-tablev2-62jrfm3\" data-m=\"{&quot;cN&quot;:&quot;R2TableV2 1&quot;,&quot;cT&quot;:&quot;Module_coreui-tablev2&quot;,&quot;id&quot;:&quot;m4r2a2&quot;,&quot;sN&quot;:4,&quot;aN&quot;:&quot;r2a2&quot;}\" data-module-id=\"WDG-Windows|primaryR2|coreui-region|coreui-tablev2-62jrfm3|coreui-tablev2\">\n<div class=\"m-table\">\n<div class=\"c-table\" data-f-loc-ascending=\"Sorted by {0} - ascending\" data-f-loc-descending=\"Sorted by {0} - descending\">\n<table>\n<tbody>\n<tr>\n<td class=\"f-divided\"><strong>Procesador:<\/strong><\/td>\n<td class=\"f-divided\">\n<p class=\"translation-block\">1 gigahercio (GHz) o m\u00e1s r\u00e1pido con 2 o m\u00e1s n\u00facleos en un <strong><a href=\"https:\/\/www.microsoft.com\/de-de\/windows\/windows-11-specifications\" target=\"_self\" rel=\"noopener\">procesador de 64 bits compatible<\/a><\/strong> o SoC (System on a Chip).<\/p>\n<\/td>\n<\/tr>\n<tr>\n<td class=\"f-divided\"><strong>RAM:<\/strong><\/td>\n<td class=\"f-divided\">4 gigabytes (GB)<\/td>\n<\/tr>\n<tr>\n<td class=\"f-divided\"><strong>Espacio de almacenamiento:<\/strong><\/td>\n<td class=\"f-divided\">64 GB o m\u00e1s<\/p>\n<p>Nota: Consulte el apartado \"M\u00e1s informaci\u00f3n sobre el espacio de almacenamiento para mantener Windows 11 actualizado\" para obtener m\u00e1s detalles.<\/td>\n<\/tr>\n<tr>\n<td class=\"f-divided\"><strong>Firmware del sistema:<\/strong><\/td>\n<td class=\"f-divided\">UEFI, compatible con Secure Boot<\/td>\n<\/tr>\n<tr>\n<td class=\"f-divided\"><strong>TPM:<\/strong><\/td>\n<td class=\"f-divided\">M\u00f3dulo de plataforma segura (TPM) versi\u00f3n 2.0<\/td>\n<\/tr>\n<tr>\n<td class=\"f-divided\"><strong>Tarjeta gr\u00e1fica:<\/strong><\/td>\n<td class=\"f-divided\">Compatible con DirectX 12 o superior con controlador WDDM 2.0<\/td>\n<\/tr>\n<tr>\n<td class=\"f-divided\"><strong>Pantalla:<\/strong><\/td>\n<td class=\"f-divided\">Pantalla de alta resoluci\u00f3n (720p) con una diagonal de m\u00e1s de 9\u2033, 8 bits por canal de color.<\/td>\n<\/tr>\n<tr>\n<td class=\"f-divided\"><strong>Conexi\u00f3n a Internet y cuentas de Microsoft:\u00a0<\/strong><\/td>\n<td class=\"f-divided\">Windows 11 Home Edition requiere una conexi\u00f3n a Internet y una cuenta Microsoft para completar la configuraci\u00f3n del dispositivo la primera vez que lo utilice.<\/p>\n<p>Cambiar un dispositivo de Windows 11 Home en modo S tambi\u00e9n requiere una conexi\u00f3n a Internet.<\/p>\n<p>Todas las ediciones de Windows 11 requieren acceso a Internet para realizar actualizaciones y descargar y utilizar algunas funciones. Se requiere una cuenta Microsoft para algunas funciones.<\/td>\n<\/tr>\n<\/tbody>\n<\/table>\n<\/div>\n<\/div>\n<\/div>\n<div id=\"coreui-contentrichblock-wqm7a2a\" data-m=\"{&quot;cN&quot;:&quot;R2ContentRichBlock 2&quot;,&quot;cT&quot;:&quot;Module_coreui-contentrichblock&quot;,&quot;id&quot;:&quot;m5r2a2&quot;,&quot;sN&quot;:5,&quot;aN&quot;:&quot;r2a2&quot;}\" data-module-id=\"WDG-Windows|primaryR2|coreui-region|coreui-contentrichblock-wqm7a2a|coreui-contentrichblock\">\n<div class=\"m-rich-content-block context-ucx\" data-grid=\"col-12\">\n<p>Con el tiempo, puede haber requisitos adicionales para actualizaciones y requisitos para activar ciertas funciones dentro del sistema operativo.<\/p>\n<\/div>\n<\/div>\n<\/div>\n<div id=\"primaryR3\" data-grid=\"container\" data-region-key=\"primaryr3\" data-m=\"{&quot;cN&quot;:&quot;primaryR3 1&quot;,&quot;cT&quot;:&quot;Region_coreui-region&quot;,&quot;id&quot;:&quot;r3a2&quot;,&quot;sN&quot;:3,&quot;aN&quot;:&quot;a2&quot;}\">\n<div id=\"coreui-banner-iods39j\" data-m=\"{&quot;cN&quot;:&quot;R3Banner 1&quot;,&quot;cT&quot;:&quot;Module_coreui-banner&quot;,&quot;id&quot;:&quot;m1r3a2&quot;,&quot;sN&quot;:1,&quot;aN&quot;:&quot;r3a2&quot;}\" data-module-id=\"WDG-Windows|primaryR3|coreui-region|coreui-banner-iods39j|coreui-banner\">\n<div class=\"m-banner f-align-left\" data-grid=\"col-12\">\n<h2 class=\"c-heading-3\"><a href=\"https:\/\/www.microsoft.com\/en-us\/windows\/windows-11\" target=\"_blank\" rel=\"noopener\">Requisitos espec\u00edficos para Windows 11<\/a><\/h2>\n<\/div>\n<\/div>\n<div id=\"coreui-divider-xjbne9z\" data-m=\"{&quot;cN&quot;:&quot;R2Divider 1&quot;,&quot;cT&quot;:&quot;Module_coreui-divider&quot;,&quot;id&quot;:&quot;m2r3a2&quot;,&quot;sN&quot;:2,&quot;aN&quot;:&quot;r3a2&quot;}\" data-module-id=\"WDG-Windows|primaryR3|coreui-region|coreui-divider-xjbne9z|coreui-divider\">\n<hr class=\"c-divider f-pad-top-3x\" data-grid=\"col-12\" \/>\n<\/div>\n<div id=\"coreui-contentrichblock-rhi1sei\" data-m=\"{&quot;cN&quot;:&quot;R2ContentRichBlock 1&quot;,&quot;cT&quot;:&quot;Module_coreui-contentrichblock&quot;,&quot;id&quot;:&quot;m3r3a2&quot;,&quot;sN&quot;:3,&quot;aN&quot;:&quot;r3a2&quot;}\" data-module-id=\"WDG-Windows|primaryR3|coreui-region|coreui-contentrichblock-rhi1sei|coreui-contentrichblock\">\n<div class=\"m-rich-content-block context-ucx\" data-grid=\"col-12\">\n<p>Algunas funciones de Windows 11 tienen requisitos mayores que los indicados en la secci\u00f3n de requisitos m\u00ednimos anterior. A continuaci\u00f3n encontrar\u00e1 algunos detalles adicionales sobre los requisitos para funciones importantes:<\/p>\n<div>\n<ul class=\"c-list\">\n<li class=\"translation-block\"><strong>La compatibilidad con 5G<\/strong> requiere un m\u00f3dem compatible con 5G.<\/li>\n<li class=\"translation-block\"><strong>Auto HDR<\/strong> requiere un monitor HDR.<\/li>\n<li class=\"translation-block\"><strong>BitLocker to Go<\/strong> requiere una unidad flash USB (disponible en Windows Pro y ediciones superiores).<\/li>\n<li class=\"translation-block\"><strong>Client Hyper-V<\/strong> requiere un procesador con capacidades SLAT (Second Level Address Translation) (disponible en Windows Pro y ediciones superiores).<\/li>\n<li class=\"translation-block\"><strong>Cortana<\/strong> requiere un micr\u00f3fono y un altavoz y actualmente est\u00e1 disponible en Windows 11 para Alemania, Australia, Brasil, Canad\u00e1, China, Espa\u00f1a, Estados Unidos, Francia, India, Italia, Jap\u00f3n, M\u00e9xico y Reino Unido.<\/li>\n<li class=\"translation-block\"><strong>DirectStorage<\/strong> requiere una SSD NVMe para almacenar y ejecutar juegos que utilicen el controlador \"Standard NVM Express Controller\" y una GPU DirectX12 compatible con Shader Model 6.0.<\/li>\n<li class=\"translation-block\"><strong>DirectX 12 Ultimate<\/strong> est\u00e1 disponible con los juegos y chips gr\u00e1ficos compatibles.<\/li>\n<li class=\"translation-block\"><strong>Presencia<\/strong> requiere un sensor que pueda reconocer la distancia de la persona al dispositivo o la intenci\u00f3n de interactuar con \u00e9l.<\/li>\n<li class=\"translation-block\"><strong>La videoconferencia inteligente<\/strong> requiere una c\u00e1mara de v\u00eddeo, un micr\u00f3fono y un altavoz (salida de audio).<\/li>\n<li class=\"translation-block\"><strong>Asistente de voz m\u00faltiple (MVA)<\/strong> requiere un micr\u00f3fono y un altavoz.<\/li>\n<li class=\"translation-block\">Los dise\u00f1os <strong>Snap<\/strong> de tres columnas requieren una pantalla con una anchura de 1920 p\u00edxeles efectivos o m\u00e1s.<\/li>\n<li class=\"translation-block\"><strong>Mute\/unmute from taskbar<\/strong> requiere videoc\u00e1mara, micr\u00f3fono y altavoz (salida de audio). La app debe ser compatible con la funci\u00f3n para cancelar el silenciamiento global.<\/li>\n<li class=\"translation-block\"><strong>Sonido espacial<\/strong> requiere hardware y software de apoyo.<\/li>\n<li class=\"translation-block\"><strong>Equipos<\/strong> requiere c\u00e1mara de v\u00eddeo, micr\u00f3fono y altavoces (salida de audio).<\/li>\n<li class=\"translation-block\"><strong>Touch<\/strong> requiere una pantalla o monitor compatible con multit\u00e1ctil.<\/li>\n<li class=\"translation-block\"><strong>La autenticaci\u00f3n de dos factores<\/strong> requiere el uso de PIN, datos biom\u00e9tricos (lector de huellas dactilares o c\u00e1mara de infrarrojos iluminada) o un tel\u00e9fono con funciones Wi-Fi o Bluetooth.<\/li>\n<li class=\"translation-block\"><strong>Voice Typing<\/strong> requiere un PC con micr\u00f3fono.<\/li>\n<li class=\"translation-block\"><strong>Wake on Voice<\/strong> requiere un modelo moderno de alimentaci\u00f3n en espera y un micr\u00f3fono.<\/li>\n<li class=\"translation-block\"><strong>Wi-Fi 6E<\/strong> requiere nuevo hardware y controladores WLAN-IHV, as\u00ed como un AP\/router compatible con Wi-Fi 6E.<\/li>\n<li class=\"translation-block\"><strong>Windows Hello<\/strong> requiere una c\u00e1mara configurada para infrarrojo cercano (IR) o un lector de huellas dactilares para la autenticaci\u00f3n biom\u00e9trica. Los dispositivos sin sensores biom\u00e9tricos pueden utilizar Windows Hello con un PIN o una clave de seguridad port\u00e1til compatible con Microsoft.<\/li>\n<li class=\"translation-block\"><strong>Windows Projection<\/strong> requiere un adaptador de pantalla compatible con Windows Display Driver Model (WDDM) 2.0 y un adaptador Wi-Fi compatible con Wi-Fi Direct.<\/li>\n<li class=\"translation-block\"><strong>Xbox (App)<\/strong> requiere una cuenta Xbox Live, que no est\u00e1 disponible en todas las regiones. Consulta los pa\u00edses y regiones de Xbox Live para obtener la informaci\u00f3n m\u00e1s reciente sobre disponibilidad. Algunas funciones de la aplicaci\u00f3n Xbox requieren una suscripci\u00f3n activa a Xbox Game Pass. M\u00e1s informaci\u00f3n sobre el pase.<\/li>\n<\/ul>\n<\/div>\n<\/div>\n<\/div>\n<\/div>\n<\/div>\n<\/div>\n<\/div>\n<\/div>","protected":false},"excerpt":{"rendered":"<ul>\n<li>Microsoft Windows 11 Home para 1 PC<\/li>\n<li>Versi\u00f3n para sistemas de 64 bits<\/li>\n<li>Env\u00edo por correo electr\u00f3nico: Clave del producto, instrucciones, enlaces de descarga, factura<\/li>\n<li>Descarga inmediata<\/li>\n<li>Sin l\u00edmite de tiempo, sin suscripci\u00f3n<\/li>\n<li>Asistencia gratuita para la instalaci\u00f3n y activaci\u00f3n<\/li>\n<li>No entrega en soportes de datos (USB, CD, etc.)<\/li>\n<li>Activaci\u00f3n en l\u00ednea y por tel\u00e9fono<\/li>\n<li class=\"translation-block\">Este producto <strong>NO es compatible con los sistemas operativos de Apple<\/strong> (MacOS, iPadOS, iOS), <strong>Chromebooks<\/strong>.<\/li>\n<li><strong>NO compatible con dispositivos Android<\/strong><\/li>\n<\/ul>","protected":false},"featured_media":53635,"comment_status":"open","ping_status":"closed","template":"","meta":{"_acf_changed":false},"product_brand":[],"product_cat":[23],"product_tag":[],"class_list":{"0":"post-22947","1":"product","2":"type-product","3":"status-publish","4":"has-post-thumbnail","6":"product_cat-windows-desktop","8":"first","9":"instock","10":"sale","11":"virtual","12":"taxable","13":"purchasable","14":"product-type-simple"},"acf":[],"_links":{"self":[{"href":"https:\/\/softwarelizenzexpress.de\/es\/wp-json\/wp\/v2\/product\/22947","targetHints":{"allow":["GET"]}}],"collection":[{"href":"https:\/\/softwarelizenzexpress.de\/es\/wp-json\/wp\/v2\/product"}],"about":[{"href":"https:\/\/softwarelizenzexpress.de\/es\/wp-json\/wp\/v2\/types\/product"}],"replies":[{"embeddable":true,"href":"https:\/\/softwarelizenzexpress.de\/es\/wp-json\/wp\/v2\/comments?post=22947"}],"wp:featuredmedia":[{"embeddable":true,"href":"https:\/\/softwarelizenzexpress.de\/es\/wp-json\/wp\/v2\/media\/53635"}],"wp:attachment":[{"href":"https:\/\/softwarelizenzexpress.de\/es\/wp-json\/wp\/v2\/media?parent=22947"}],"wp:term":[{"taxonomy":"product_brand","embeddable":true,"href":"https:\/\/softwarelizenzexpress.de\/es\/wp-json\/wp\/v2\/product_brand?post=22947"},{"taxonomy":"product_cat","embeddable":true,"href":"https:\/\/softwarelizenzexpress.de\/es\/wp-json\/wp\/v2\/product_cat?post=22947"},{"taxonomy":"product_tag","embeddable":true,"href":"https:\/\/softwarelizenzexpress.de\/es\/wp-json\/wp\/v2\/product_tag?post=22947"}],"curies":[{"name":"wp","href":"https:\/\/api.w.org\/{rel}","templated":true}]}}