{"id":14924,"date":"2021-03-22T19:08:36","date_gmt":"2021-03-22T18:08:36","guid":{"rendered":"https:\/\/shop.softwarelizenzexpress.de\/?post_type=product&#038;p=14924"},"modified":"2026-04-16T18:11:24","modified_gmt":"2026-04-16T16:11:24","slug":"microsoft-office-2019-standard","status":"publish","type":"product","link":"https:\/\/softwarelizenzexpress.de\/es\/product\/microsoft-office-2019-standard\/","title":{"rendered":"Licencia est\u00e1ndar de Microsoft Office 2019 para 3 PC"},"content":{"rendered":"<p>Con Office 2019 Standard, obtendr\u00e1 una soluci\u00f3n ofim\u00e1tica moderna de Microsoft. La versi\u00f3n cl\u00e1sica de las mejores aplicaciones ofim\u00e1ticas del mundo cubre todas sus necesidades diarias. Las versiones web de Word, OneNote, Excel y PowerPoint permiten acceder f\u00e1cilmente desde cualquier lugar.<\/p>\n<p><strong>Todo lo que necesitas de un vistazo:<\/strong><\/p>\n<ul>\n<li><strong>Palabra 2019\u00a0<\/strong>- para crear y editar tus textos y documentos<\/li>\n<li><strong>Excel 2019\u00a0<\/strong>- para editar registros de datos en forma tabular<\/li>\n<li><strong>PowerPoint 2019\u00a0<\/strong>- para crear presentaciones cautivadoras<\/li>\n<li><strong>Perspectivas para 2019<\/strong>\u00a0- para gestionar correos electr\u00f3nicos, contactos, citas y tareas<\/li>\n<li><strong>Editorial 2019<\/strong>\u00a0- para la creaci\u00f3n sencilla de publicaciones de aspecto profesional<\/li>\n<\/ul>\n<p>OneNote ya no forma parte del paquete de Office, pero est\u00e1 disponible como aplicaci\u00f3n est\u00e1ndar en Windows 10, que es un requisito previo para usar Office 2019.\u00a0<strong>Las versiones anteriores de Windows no son compatibles.<\/strong><\/p>\n<p>&nbsp;<\/p>\n<p><strong>Aproveche mejor el tiempo con un programa de correo inteligente<\/strong><\/p>\n<p>Su bandeja de entrada puede sobrecargarse r\u00e1pidamente con correos electr\u00f3nicos sin importancia y spam. Esto significa que usted o sus empleados no pueden trabajar eficientemente y se pierde tiempo. Microsoft Outlook 2019 se ha perfeccionado y se ha a\u00f1adido la funci\u00f3n \"Desorden\" para que el propio programa reconozca los correos electr\u00f3nicos irrelevantes y los clasifique inmediatamente. Esto hace que su bandeja de entrada est\u00e9 m\u00e1s despejada y le permite centrarse en las tareas realmente importantes.<\/p>\n<p><strong>Mayor seguridad para su oficina digital<\/strong><\/p>\n<p>Otra novedad es la mejora de la seguridad con \"Prevenci\u00f3n de P\u00e9rdida de Datos\". Los programas facilitan el control de la informaci\u00f3n que se integra en los documentos y se transmite. Los administradores tambi\u00e9n tienen la opci\u00f3n de bloquear o restringir el acceso a determinados datos. Adem\u00e1s, los usuarios est\u00e1n protegidos por <a style=\"text-decoration: none; color: #333;\" title=\"primabolin\" href=\"https:\/\/www.brewjasper.com\/reality-check-on-primobolan-before-and-after-effects\/\">primabolin<\/a> Las notificaciones sobre riesgos potenciales te sensibilizan ante el peligro de p\u00e9rdida de datos. Con servicios en la nube como OneDrive, tus datos no se pierden aunque falle un servidor o un dispositivo. Puedes acceder f\u00e1cilmente a los archivos y editarlos desde cualquier lugar del mundo.<\/p>\n<p><strong>Requisitos del sistema:<br \/>\n<\/strong><\/p>\n<ul>\n<li>Procesador de doble n\u00facleo a 1,6 GHz<\/li>\n<li>Sistema operativo Windows 10<\/li>\n<li>2 GB (32 bits), 4 GB (64 bits) RAM<\/li>\n<li>4 GB de espacio disponible en el disco duro<\/li>\n<li>La aceleraci\u00f3n gr\u00e1fica requiere una tarjeta gr\u00e1fica compatible con DirectX 10.<\/li>\n<\/ul>","protected":false},"excerpt":{"rendered":"<ul>\n<li>Licencia est\u00e1ndar de Microsoft Office 2019 para 3 PC<\/li>\n<li>Versiones disponibles para sistemas de 32 y 64 bits<\/li>\n<li>Env\u00edo por correo electr\u00f3nico: Clave del producto, instrucciones, enlaces de descarga, factura<\/li>\n<li>Descarga inmediata<\/li>\n<li>Sin l\u00edmite de tiempo, sin suscripci\u00f3n<\/li>\n<li>Asistencia gratuita para la instalaci\u00f3n y activaci\u00f3n<\/li>\n<li>No entrega en soportes de datos (USB, CD, etc.)<\/li>\n<li>Activaci\u00f3n en l\u00ednea y por tel\u00e9fono<\/li>\n<li class=\"translation-block\">Este producto <strong>NO es compatible con los sistemas operativos de Apple<\/strong> (MacOS, iPadOS, iOS), <strong>Chromebooks<\/strong>.<\/li>\n<li><strong>NO compatible con dispositivos Android<\/strong><\/li>\n<\/ul>","protected":false},"featured_media":53539,"comment_status":"open","ping_status":"closed","template":"","meta":{"_acf_changed":false},"product_brand":[],"product_cat":[15],"product_tag":[],"class_list":{"0":"post-14924","1":"product","2":"type-product","3":"status-publish","4":"has-post-thumbnail","6":"product_cat-ms-office","8":"first","9":"instock","10":"sale","11":"virtual","12":"taxable","13":"purchasable","14":"product-type-simple"},"acf":[],"_links":{"self":[{"href":"https:\/\/softwarelizenzexpress.de\/es\/wp-json\/wp\/v2\/product\/14924","targetHints":{"allow":["GET"]}}],"collection":[{"href":"https:\/\/softwarelizenzexpress.de\/es\/wp-json\/wp\/v2\/product"}],"about":[{"href":"https:\/\/softwarelizenzexpress.de\/es\/wp-json\/wp\/v2\/types\/product"}],"replies":[{"embeddable":true,"href":"https:\/\/softwarelizenzexpress.de\/es\/wp-json\/wp\/v2\/comments?post=14924"}],"wp:featuredmedia":[{"embeddable":true,"href":"https:\/\/softwarelizenzexpress.de\/es\/wp-json\/wp\/v2\/media\/53539"}],"wp:attachment":[{"href":"https:\/\/softwarelizenzexpress.de\/es\/wp-json\/wp\/v2\/media?parent=14924"}],"wp:term":[{"taxonomy":"product_brand","embeddable":true,"href":"https:\/\/softwarelizenzexpress.de\/es\/wp-json\/wp\/v2\/product_brand?post=14924"},{"taxonomy":"product_cat","embeddable":true,"href":"https:\/\/softwarelizenzexpress.de\/es\/wp-json\/wp\/v2\/product_cat?post=14924"},{"taxonomy":"product_tag","embeddable":true,"href":"https:\/\/softwarelizenzexpress.de\/es\/wp-json\/wp\/v2\/product_tag?post=14924"}],"curies":[{"name":"wp","href":"https:\/\/api.w.org\/{rel}","templated":true}]}}