{"id":980,"date":"2019-07-25T07:45:18","date_gmt":"2019-07-25T07:45:18","guid":{"rendered":"http:\/\/windowsandoffice.net\/?page_id=980"},"modified":"2025-10-29T15:32:06","modified_gmt":"2025-10-29T14:32:06","slug":"about","status":"publish","type":"page","link":"https:\/\/softwarelizenzexpress.de\/es\/about\/","title":{"rendered":"Qui\u00e9nes somos"},"content":{"rendered":"<p><main class=\"elementor-column elementor-col-50 elementor-top-column elementor-element elementor-element-bce54dc\" data-id=\"bce54dc\" data-element_type=\"column\"><\/p>\n<div class=\"elementor-widget-wrap elementor-element-populated\">\n<div class=\"elementor-element elementor-element-75591e8 elementor-widget__width-initial elementor-widget elementor-widget-text-editor\" data-id=\"75591e8\" data-element_type=\"widget\" data-widget_type=\"text-editor.default\">\n<div class=\"elementor-widget-container\">\n<p><strong>Todo sobre Software Licence Express, su socio de confianza de Microsoft<\/strong><\/p>\n<p>Desde nuestra fundaci\u00f3n en 2015, en Software Licence Express nos hemos esforzado por ofrecer tanto a nuestros clientes particulares como a las empresas una amplia variedad de soluciones de software a los mejores precios en nuestra tienda online. Nuestro objetivo no es solo vender software de forma barata y segura, sino tambi\u00e9n ofrecer el m\u00e1ximo nivel de atenci\u00f3n al cliente.<\/p>\n<p>Nuestro motivado y multiling\u00fce equipo de atenci\u00f3n al cliente siempre se esfuerza por superar sus necesidades y expectativas. Tanto si se pone en contacto con nosotros por chat en directo, correo electr\u00f3nico o tel\u00e9fono, siempre estaremos encantados de ayudarle.<\/p>\n<p><strong>Soluciones inform\u00e1ticas<\/strong><\/p>\n<p>En nuestra tienda online, ofrecemos licencias OEM y productos al por menor de distribuidores alemanes de renombre. Adem\u00e1s de garantizarle los mejores precios, nuestra misi\u00f3n es ofrecerle una asistencia \u00f3ptima durante y despu\u00e9s del proceso de compra. Nuestro equipo formado est\u00e1 a su disposici\u00f3n para cualquier duda que pueda tener, con el apoyo de nuestro env\u00edo r\u00e1pido en 2 minutos y un enlace SSL cifrado por correo electr\u00f3nico que le dirigir\u00e1 a nuestra gu\u00eda de instalaci\u00f3n y centro de descargas.<\/p>\n<p><strong>Clave del producto<\/strong><\/p>\n<p>Le aseguramos que cada clave de producto es \u00fanica y s\u00f3lo se utiliza una vez. En caso de problemas de activaci\u00f3n, nuestro equipo se ocupar\u00e1 inmediatamente de su solicitud para identificar y resolver la causa. Su satisfacci\u00f3n es importante para nosotros, por eso tambi\u00e9n le ofrecemos una prueba de origen para todos nuestros productos.<\/p>\n<p><strong>Clientes profesionales<\/strong><\/p>\n<p>A nuestros socios comerciales les ofrecemos consultas y ofertas individuales, especialmente para pedidos grandes. Si busca software especializado que no figura directamente en nuestra gama de productos, puede ponerse en contacto con nosotros. Gracias a nuestros amplios contactos en la industria del software, podemos satisfacer casi cualquier petici\u00f3n. Por supuesto, cada factura llevar\u00e1 nuestro n\u00famero de IVA para que el proceso de compra sea lo m\u00e1s transparente posible.<\/p>\n<p><strong>Calidad y garant\u00eda de por vida<\/strong><\/p>\n<p>Aunque siempre nos esforzamos por ofrecer precios competitivos, nunca comprometemos la calidad. Nuestros productos se someten a una estricta gesti\u00f3n de calidad y garantizamos que s\u00f3lo se distribuye software procedente del Espacio Econ\u00f3mico Europeo. Tambi\u00e9n ofrecemos una garant\u00eda de por vida en nuestros productos, por lo que siempre estar\u00e1 comprando en una tienda en l\u00ednea fiable y de confianza.<\/p>\n<\/div>\n<\/div>\n<\/div>\n<p><\/main><\/p>","protected":false},"excerpt":{"rendered":"<p>Alles \u00fcber Software Lizenz Express, Ihr vertrauensw\u00fcrdiger Microsoft-Partner Seit unserer Gr\u00fcndung im Jahr 2015 streben wir bei Software Lizenz Express danach, sowohl unseren Privat- als auch Gesch\u00e4ftskunden in unseren Onlineshop die unterschiedlichsten Softwarel\u00f6sungen zu den besten Preisen anzubieten. Unser Ziel ist nicht nur, Software g\u00fcnstig und sicher zu verkaufen, sondern&hellip; <\/p>","protected":false},"author":396,"featured_media":0,"parent":0,"menu_order":0,"comment_status":"closed","ping_status":"closed","template":"","meta":{"_acf_changed":false,"footnotes":""},"class_list":["post-980","page","type-page","status-publish","hentry"],"acf":[],"_links":{"self":[{"href":"https:\/\/softwarelizenzexpress.de\/es\/wp-json\/wp\/v2\/pages\/980","targetHints":{"allow":["GET"]}}],"collection":[{"href":"https:\/\/softwarelizenzexpress.de\/es\/wp-json\/wp\/v2\/pages"}],"about":[{"href":"https:\/\/softwarelizenzexpress.de\/es\/wp-json\/wp\/v2\/types\/page"}],"author":[{"embeddable":true,"href":"https:\/\/softwarelizenzexpress.de\/es\/wp-json\/wp\/v2\/users\/396"}],"replies":[{"embeddable":true,"href":"https:\/\/softwarelizenzexpress.de\/es\/wp-json\/wp\/v2\/comments?post=980"}],"version-history":[{"count":0,"href":"https:\/\/softwarelizenzexpress.de\/es\/wp-json\/wp\/v2\/pages\/980\/revisions"}],"wp:attachment":[{"href":"https:\/\/softwarelizenzexpress.de\/es\/wp-json\/wp\/v2\/media?parent=980"}],"curies":[{"name":"wp","href":"https:\/\/api.w.org\/{rel}","templated":true}]}}