{"id":95149,"date":"2025-11-11T14:09:56","date_gmt":"2025-11-11T13:09:56","guid":{"rendered":"https:\/\/softwarelizenzexpress.de\/?page_id=95149"},"modified":"2025-12-29T17:08:31","modified_gmt":"2025-12-29T16:08:31","slug":"coupons","status":"publish","type":"page","link":"https:\/\/softwarelizenzexpress.de\/es\/coupons\/","title":{"rendered":"cupones"},"content":{"rendered":"<div class=\"cupones\">\n<h2>C\u00f3digos de descuento v\u00e1lidos una vez para usted<\/h2>\n<div>\n<p><!-- Alineado izquierda al 70% --><\/p>\n<h3>Descuento de bienvenida para nuevos clientes<\/h3>\n<p><code>NUEVO10<\/code><\/p>\n<p>Por tu primer pedido, recibir\u00e1s un descuento del 10 % en las licencias de software participantes.<br \/>\nCopie el c\u00f3digo y p\u00e9guelo en el campo del vale en el momento de pagar; el c\u00f3digo s\u00f3lo es v\u00e1lido una vez por cliente.<\/p>\n<\/div>\n<div>\n<p><!-- Alineado derecha al 70% --><\/p>\n<h3>Descuento de fidelidad para clientes existentes<\/h3>\n<p><code>TREUE15<\/code><\/p>\n<p>Si ya has realizado un pedido con nosotros, obtendr\u00e1s un descuento del 15 % en tu pr\u00f3ximo pedido.<br \/>\nCopie el c\u00f3digo y p\u00e9guelo en el campo del vale en el momento de pagar; el c\u00f3digo s\u00f3lo es v\u00e1lido una vez por cliente.<\/p>\n<\/div>\n<\/div>","protected":false},"excerpt":{"rendered":"<p>C\u00f3digos de descuento v\u00e1lidos una vez para usted Descuento de bienvenida para nuevos clientes NEW10 Por su primer pedido recibir\u00e1 un descuento de 10 % en licencias de software participantes. Copie el c\u00f3digo y p\u00e9guelo en el campo del vale al realizar el pago; el c\u00f3digo s\u00f3lo es v\u00e1lido una vez por cliente. Descuento de fidelidad para clientes actuales TREUE15 Si ya es... <\/p>","protected":false},"author":9,"featured_media":0,"parent":0,"menu_order":0,"comment_status":"closed","ping_status":"closed","template":"elementor_header_footer","meta":{"_acf_changed":false,"footnotes":""},"class_list":["post-95149","page","type-page","status-publish","hentry"],"acf":[],"_links":{"self":[{"href":"https:\/\/softwarelizenzexpress.de\/es\/wp-json\/wp\/v2\/pages\/95149","targetHints":{"allow":["GET"]}}],"collection":[{"href":"https:\/\/softwarelizenzexpress.de\/es\/wp-json\/wp\/v2\/pages"}],"about":[{"href":"https:\/\/softwarelizenzexpress.de\/es\/wp-json\/wp\/v2\/types\/page"}],"author":[{"embeddable":true,"href":"https:\/\/softwarelizenzexpress.de\/es\/wp-json\/wp\/v2\/users\/9"}],"replies":[{"embeddable":true,"href":"https:\/\/softwarelizenzexpress.de\/es\/wp-json\/wp\/v2\/comments?post=95149"}],"version-history":[{"count":0,"href":"https:\/\/softwarelizenzexpress.de\/es\/wp-json\/wp\/v2\/pages\/95149\/revisions"}],"wp:attachment":[{"href":"https:\/\/softwarelizenzexpress.de\/es\/wp-json\/wp\/v2\/media?parent=95149"}],"curies":[{"name":"wp","href":"https:\/\/api.w.org\/{rel}","templated":true}]}}