{"id":6,"date":"2019-03-19T06:44:04","date_gmt":"2019-03-19T06:44:04","guid":{"rendered":"https:\/\/demo.themefreesia.com\/shoppingcart\/?page_id=6"},"modified":"2025-11-11T13:50:51","modified_gmt":"2025-11-11T12:50:51","slug":"home","status":"publish","type":"page","link":"https:\/\/softwarelizenzexpress.de\/es\/","title":{"rendered":"Inicio"},"content":{"rendered":"<p><!-- START: Promo 3 Spalten --><\/p>\n<section>\n  <!-- Spalte 1 --><\/p>\n<article>\n<h3>Ofertas de descuento y promociones especiales<\/h3>\n<p>\n      Aproveche nuestras ofertas por tiempo limitado y ahorre en licencias originales para su PC.\n    <\/p>\n<\/article>\n<p>  <!-- Spalte 2 --><\/p>\n<article>\n<h3>C\u00f3digos de vales y descuentos<\/h3>\n<p>\n      Introduzca su c\u00f3digo exclusivo en la caja y reciba un descuento instant\u00e1neo en sus productos favoritos.\n    <\/p>\n<\/article>\n<p>  <!-- Spalte 3 --><\/p>\n<article>\n<h3>Ofertas de invierno<\/h3>\n<p>\n      Ofertas especiales de invierno: m\u00e1s ahorro, las mismas 100 licencias de software originales %.\n    <\/p>\n<\/article>\n<\/section>\n<p><!-- END: Promo 3 Spalten --><\/p>","protected":false},"excerpt":{"rendered":"<p>Ofertas de descuento y promociones especiales Aproveche nuestras ofertas por tiempo limitado y ahorre en licencias originales para su PC. C\u00f3digos promocionales y de descuento Introduzca su c\u00f3digo promocional exclusivo al pagar y obtenga un descuento instant\u00e1neo en sus productos favoritos. Ofertas de invierno Ofertas especiales de invierno: m\u00e1s ahorro, las mismas 100 licencias de software originales %.<\/p>","protected":false},"author":2,"featured_media":0,"parent":0,"menu_order":0,"comment_status":"open","ping_status":"open","template":"page-templates\/shoppingcart-template.php","meta":{"_acf_changed":false,"footnotes":""},"class_list":["post-6","page","type-page","status-publish","hentry"],"acf":[],"_links":{"self":[{"href":"https:\/\/softwarelizenzexpress.de\/es\/wp-json\/wp\/v2\/pages\/6","targetHints":{"allow":["GET"]}}],"collection":[{"href":"https:\/\/softwarelizenzexpress.de\/es\/wp-json\/wp\/v2\/pages"}],"about":[{"href":"https:\/\/softwarelizenzexpress.de\/es\/wp-json\/wp\/v2\/types\/page"}],"author":[{"embeddable":true,"href":"https:\/\/softwarelizenzexpress.de\/es\/wp-json\/wp\/v2\/users\/2"}],"replies":[{"embeddable":true,"href":"https:\/\/softwarelizenzexpress.de\/es\/wp-json\/wp\/v2\/comments?post=6"}],"version-history":[{"count":0,"href":"https:\/\/softwarelizenzexpress.de\/es\/wp-json\/wp\/v2\/pages\/6\/revisions"}],"wp:attachment":[{"href":"https:\/\/softwarelizenzexpress.de\/es\/wp-json\/wp\/v2\/media?parent=6"}],"curies":[{"name":"wp","href":"https:\/\/api.w.org\/{rel}","templated":true}]}}