{"id":3555,"date":"2020-12-10T13:52:59","date_gmt":"2020-12-10T13:52:59","guid":{"rendered":"https:\/\/shop.softwarelizenzexpress.de\/?page_id=3555"},"modified":"2026-01-14T11:53:01","modified_gmt":"2026-01-14T10:53:01","slug":"delivery","status":"publish","type":"page","link":"https:\/\/softwarelizenzexpress.de\/es\/delivery\/","title":{"rendered":"Pago y env\u00edo"},"content":{"rendered":"<h2 class=\"wp-block-heading\">Env\u00edo<\/h2>\r\n\r\n\r\n\r\n<p>Nuestros productos se env\u00edan digitalmente. En cuanto hayamos confirmado la recepci\u00f3n de su pago, recibir\u00e1 un correo electr\u00f3nico con toda la informaci\u00f3n necesaria para la descarga, instalaci\u00f3n y activaci\u00f3n.<\/p>\r\n\r\n\r\n\r\n<p>Para garantizar el env\u00edo de los productos, debe asegurarse de introducir correctamente su direcci\u00f3n de correo electr\u00f3nico al realizar el pedido.<\/p>\r\n\r\n\r\n\r\n<p>El env\u00edo por correo electr\u00f3nico no conlleva gastos de env\u00edo.<\/p>\r\n\r\n\r\n\r\n<p>&nbsp;<\/p>\r\n\r\n\r\n\r\n<h2 class=\"wp-block-heading\">Formas y condiciones de pago<\/h2>\r\n\r\n\r\n\r\n<p><strong>PayPal<\/strong><\/p>\r\n<p>Pague r\u00e1pida y c\u00f3modamente con PayPal. Es la forma m\u00e1s r\u00e1pida de recibir su pedido, normalmente en 15 minutos.<\/p>\r\n<p>Tambi\u00e9n puede pagar con tarjeta de cr\u00e9dito a trav\u00e9s del sistema PayPal. Al igual que con el pago a trav\u00e9s de PayPal, el pago se confirma en nuestro sistema en pocos minutos y el pedido se env\u00eda poco despu\u00e9s.<\/p>\r\n<p><strong>Tarjeta de cr\u00e9dito\/d\u00e9bito (Visa, MasterCard, American Express)<\/strong><br \/>Pague c\u00f3modamente con su tarjeta bancaria. El procesamiento est\u00e1 codificado y se realiza en tiempo real. Se admiten Visa, MasterCard y American Express.<\/p>\r\n<p><strong>Google Pay<\/strong><br \/>Pago r\u00e1pido a trav\u00e9s de tu cuenta de Google: sencillo, sin contacto y seguro. Perfecto para dispositivos Android y usuarios de Chrome.<\/p>\r\n<p><strong>Apple Pay<\/strong><br \/>Paga directamente a trav\u00e9s de tu dispositivo Apple: de forma segura, sin introducir la tarjeta, con Face ID o Touch ID.<\/p>\r\n<p><strong>Klarna<\/strong><br \/>Utilice la plataforma de pago flexible con tres opciones:<br \/>- Pague despu\u00e9s: Reciba primero la mercanc\u00eda y pague despu\u00e9s.<br \/>- Paga ahora: Transferencia bancaria instant\u00e1nea a trav\u00e9s de Klarna.<br \/>- Pago a plazos: Pague con flexibilidad en varios meses.<\/p>\r\n<p><strong>2Caja<\/strong><br \/>Transacciones r\u00e1pidas y seguras, compatibles con m\u00faltiples m\u00e9todos de pago. Ideal para compras internacionales con la m\u00e1xima seguridad.<\/p>\r\n<p>.<\/p>","protected":false},"excerpt":{"rendered":"<p>Env\u00edo Nuestros productos se env\u00edan en formato digital. En cuanto hayamos confirmado la recepci\u00f3n de su pago, recibir\u00e1 un correo electr\u00f3nico con toda la informaci\u00f3n necesaria para la descarga, instalaci\u00f3n y activaci\u00f3n. Para garantizar el env\u00edo de los productos, debe asegurarse de introducir correctamente su direcci\u00f3n de correo electr\u00f3nico al realizar el pedido. Para el env\u00edo... <\/p>","protected":false},"author":9,"featured_media":0,"parent":0,"menu_order":0,"comment_status":"closed","ping_status":"closed","template":"","meta":{"_acf_changed":false,"footnotes":""},"class_list":["post-3555","page","type-page","status-publish","hentry"],"acf":[],"_links":{"self":[{"href":"https:\/\/softwarelizenzexpress.de\/es\/wp-json\/wp\/v2\/pages\/3555","targetHints":{"allow":["GET"]}}],"collection":[{"href":"https:\/\/softwarelizenzexpress.de\/es\/wp-json\/wp\/v2\/pages"}],"about":[{"href":"https:\/\/softwarelizenzexpress.de\/es\/wp-json\/wp\/v2\/types\/page"}],"author":[{"embeddable":true,"href":"https:\/\/softwarelizenzexpress.de\/es\/wp-json\/wp\/v2\/users\/9"}],"replies":[{"embeddable":true,"href":"https:\/\/softwarelizenzexpress.de\/es\/wp-json\/wp\/v2\/comments?post=3555"}],"version-history":[{"count":0,"href":"https:\/\/softwarelizenzexpress.de\/es\/wp-json\/wp\/v2\/pages\/3555\/revisions"}],"wp:attachment":[{"href":"https:\/\/softwarelizenzexpress.de\/es\/wp-json\/wp\/v2\/media?parent=3555"}],"curies":[{"name":"wp","href":"https:\/\/api.w.org\/{rel}","templated":true}]}}