{"id":3290,"date":"2020-10-22T23:33:43","date_gmt":"2020-10-22T23:33:43","guid":{"rendered":"https:\/\/shop.softwarelizenzexpress.de\/?page_id=3290"},"modified":"2025-04-22T16:58:52","modified_gmt":"2025-04-22T14:58:52","slug":"widerrufsrecht","status":"publish","type":"page","link":"https:\/\/softwarelizenzexpress.de\/es\/widerrufsrecht\/","title":{"rendered":"Anulaci\u00f3n y devoluci\u00f3n"},"content":{"rendered":"<ul style=\"padding-left: 20px;\">\n<li>Sin gastos de devoluci\u00f3n<\/li>\n<li>Sin gastos de env\u00edo<\/li>\n<li>30 d\u00edas de devoluci\u00f3n \u00edntegra<\/li>\n<li>Garant\u00eda de sustituci\u00f3n de por vida<\/li>\n<\/ul>\n<p><strong>Pol\u00edtica de anulaci\u00f3n<\/strong><\/p>\n<p>Tiene derecho a rescindir este contrato sin indicar motivo alguno en un plazo de 30 d\u00edas a partir de la recepci\u00f3n de la mercanc\u00eda.<\/p>\n<p>Para ejercer su derecho de cancelaci\u00f3n, debe informarnos de su decisi\u00f3n de cancelar este contrato mediante una declaraci\u00f3n clara (por ejemplo, una carta enviada por correo postal, fax o correo electr\u00f3nico). Puede utilizar el formulario de cancelaci\u00f3n adjunto.<\/p>\n<div style=\"border: dashed 1px gray; border-radius: 5px; background-color: #f5f5f5; padding: 5px; margin-bottom: 15px;\">\n<p><strong>Propietario:<\/strong> STEPHAN M\u00dcLLER<\/p>\n<p><strong>Sede social:<\/strong> Wernher-von-Braun Str. 16, 63303 Dreieich, Alemania<\/p>\n<p><strong>Ubicaci\u00f3n Alemania:<\/strong> Wernher-von-Braun Str. 16, 63303 Dreieich Alemania<\/p>\n<p><strong>Tel:<\/strong> +49 60748160523<\/p>\n<p><strong>correo electr\u00f3nico:<\/strong> <a href='mailto:deutschland@softwarelizenzexpress.de'>deutschland@softwarelizenzexpress.de<\/a><\/p>\n<\/div>\n<p><strong>Modelo de formulario de cancelaci\u00f3n<\/strong><\/p>\n<p>(Si desea rescindir el contrato, rellene y devuelva este formulario).<\/p>\n<div style=\"border: dashed 1px gray; border-radius: 5px; background-color: #f5f5f5; padding: 5px; margin-bottom: 15px;\">\n<p>Por la presente, yo\/nosotros () rescindimos el contrato celebrado por m\u00ed\/nosotros () para la adquisici\u00f3n de los siguientes bienes ()\/la prestaci\u00f3n del siguiente servicio ():<\/p>\n<ul style=\"padding-left: 20px;\">\n<li>Pedido el () \/ recibido el ()<\/li>\n<li>Nombre del consumidor o consumidores<\/li>\n<li>Direcci\u00f3n del consumidor o consumidores<\/li>\n<li>Firma del consumidor o consumidores (s\u00f3lo para notificaciones en papel)<\/li>\n<li>fecha<\/li>\n<\/ul>\n<\/div>\n<p><em>(*) T\u00e1chese lo que no proceda.<\/em><\/p>\n<p>Para cumplir el plazo de cancelaci\u00f3n, basta con que env\u00ede su notificaci\u00f3n de ejercicio del derecho de cancelaci\u00f3n antes de que venza el plazo.<\/p>\n<p><strong>Consecuencias de la anulaci\u00f3n<\/strong><\/p>\n<p>Si cancela este contrato, debemos reembolsarle inmediatamente todos los pagos que hayamos recibido de usted, incluidos los gastos de env\u00edo (con la excepci\u00f3n de los gastos adicionales derivados del hecho de que usted haya elegido un tipo de env\u00edo distinto del env\u00edo est\u00e1ndar m\u00e1s barato ofrecido por nosotros). Para este reembolso, utilizaremos el mismo medio de pago que usted utiliz\u00f3 para la transacci\u00f3n original, salvo que se haya acordado expresamente otra cosa con usted; en ning\u00fan caso se le cobrar\u00e1n comisiones por este reembolso.<\/p>\n<p><strong>Garant\u00eda de sustituci\u00f3n de por vida:<\/strong><\/p>\n<p>Si se le ha pasado el plazo de devoluci\u00f3n de 30 d\u00edas, le ofrecemos una garant\u00eda de sustituci\u00f3n del producto de por vida. Si el producto resulta defectuoso durante su uso, recibir\u00e1 un recambio gratuito.<\/p>\n<div style=\"border: dashed 1px gray; border-radius: 5px; background-color: #f5f5f5; padding: 5px; margin-bottom: 15px;\"><strong>Propietario:<\/strong> STEPHAN M\u00dcLLER<br \/>\n<strong>Sede social:<\/strong> Wernher-von-Braun Str. 16, 63303 Dreieich, Alemania<br \/>\n<strong>Ubicaci\u00f3n Alemania:<\/strong> Wernher-von-Braun Str. 16, 63303 Dreieich Alemania<br \/>\n<strong>Tel:<\/strong> +49 60748160523<br \/>\n<strong>correo electr\u00f3nico:<\/strong> <a href='mailto:deutschland@softwarelizenzexpress.de'>deutschland@softwarelizenzexpress.de<\/a><\/div>","protected":false},"excerpt":{"rendered":"<p>Keine R\u00fccksendegeb\u00fchren Keine Versandkosten 30 Tage volle R\u00fcckerstattung Lebenslange Ersatzgarantie Widerrufsbelehrung Sie haben das Recht, diesen Vertrag ohne Angabe von Gr\u00fcnden innerhalb von 30 Tagen nach Erhalt der Ware zu widerrufen. Um Ihr Widerrufsrecht auszu\u00fcben, m\u00fcssen Sie uns mittels einer eindeutigen Erkl\u00e4rung (z. B. ein mit der Post versandter Brief,&hellip; <\/p>","protected":false},"author":396,"featured_media":0,"parent":0,"menu_order":0,"comment_status":"closed","ping_status":"closed","template":"","meta":{"_acf_changed":false,"footnotes":""},"class_list":["post-3290","page","type-page","status-publish","hentry"],"acf":[],"_links":{"self":[{"href":"https:\/\/softwarelizenzexpress.de\/es\/wp-json\/wp\/v2\/pages\/3290","targetHints":{"allow":["GET"]}}],"collection":[{"href":"https:\/\/softwarelizenzexpress.de\/es\/wp-json\/wp\/v2\/pages"}],"about":[{"href":"https:\/\/softwarelizenzexpress.de\/es\/wp-json\/wp\/v2\/types\/page"}],"author":[{"embeddable":true,"href":"https:\/\/softwarelizenzexpress.de\/es\/wp-json\/wp\/v2\/users\/396"}],"replies":[{"embeddable":true,"href":"https:\/\/softwarelizenzexpress.de\/es\/wp-json\/wp\/v2\/comments?post=3290"}],"version-history":[{"count":0,"href":"https:\/\/softwarelizenzexpress.de\/es\/wp-json\/wp\/v2\/pages\/3290\/revisions"}],"wp:attachment":[{"href":"https:\/\/softwarelizenzexpress.de\/es\/wp-json\/wp\/v2\/media?parent=3290"}],"curies":[{"name":"wp","href":"https:\/\/api.w.org\/{rel}","templated":true}]}}