{"id":3010,"date":"2020-08-05T12:29:11","date_gmt":"2020-08-05T12:29:11","guid":{"rendered":"https:\/\/softwarelizenzexpress.de\/?page_id=3010"},"modified":"2025-03-11T15:13:07","modified_gmt":"2025-03-11T14:13:07","slug":"agb","status":"publish","type":"page","link":"https:\/\/softwarelizenzexpress.de\/es\/agb\/","title":{"rendered":"GTC"},"content":{"rendered":"<p><strong style=\"font-size: 15px;\">1. celebraci\u00f3n del contrato SOFTWARE<\/strong><\/p>\n<section data-rv-view=\"547\">\n<p>1.1 El objeto del contrato es la venta de productos de descarga (contenidos digitales que no se suministran en un soporte f\u00edsico de datos). Al colocar el producto de descarga correspondiente en nuestro sitio web, le hacemos una oferta vinculante para celebrar un contrato en las condiciones especificadas en la descripci\u00f3n del art\u00edculo.<\/p>\n<p>1.2 El contrato se celebra a trav\u00e9s del sistema de cesta de la compra en l\u00ednea de la siguiente manera:<\/p>\n<p>Los productos de descarga destinados a la compra se almacenan en la \"cesta de la compra\". Puede acceder a la \"Cesta de la compra\" a trav\u00e9s del bot\u00f3n correspondiente de la barra de navegaci\u00f3n y realizar cambios en ella en cualquier momento. Tras acceder a la p\u00e1gina \"Realizar pedido\" e introducir sus datos personales y las condiciones de pago, todos los datos del pedido se mostrar\u00e1n de nuevo en la p\u00e1gina de resumen del pedido.<\/p>\n<p>1.3 La tramitaci\u00f3n del pedido y la transmisi\u00f3n de toda la informaci\u00f3n necesaria en relaci\u00f3n con la celebraci\u00f3n del contrato se realiza parcialmente de forma automatizada por correo electr\u00f3nico. Por lo tanto, debe asegurarse de que la direcci\u00f3n de correo electr\u00f3nico que nos ha facilitado es correcta, que la recepci\u00f3n de correos electr\u00f3nicos est\u00e1 t\u00e9cnicamente garantizada y, en particular, que no est\u00e1 impedida por filtros de SPAM.<\/p>\n<p>1.4 Los acuerdos subsidiarios, modificaciones y suplementos s\u00f3lo son v\u00e1lidos si los confirmamos por escrito. Lo mismo se aplica al aseguramiento de propiedades.<\/p>\n<p>1.5 La lengua contractual es el alem\u00e1n.<\/p>\n<p><strong>2. precios, condiciones de pago<\/strong><\/p>\n<p>2.1 La mercanc\u00eda se facturar\u00e1 seg\u00fan los precios indicados en el pedido, que se basan en la lista de precios vigente.<\/p>\n<p>2.2 Los aumentos de precio correr\u00e1n a cargo del cliente si la mercanc\u00eda se entrega m\u00e1s tarde de los 6 meses posteriores a la celebraci\u00f3n del contrato seg\u00fan lo acordado o por causas no imputables a nosotros.<\/p>\n<p>2.3 Salvo que se indique lo contrario, todos los precios incluyen el impuesto sobre el valor a\u00f1adido legal aplicable.<\/p>\n<p>2.4 Con sujeci\u00f3n a lo dispuesto en los art\u00edculos 366 y 367 del C\u00f3digo Civil alem\u00e1n (BGB) y sin perjuicio de las disposiciones contrarias del cliente, determinaremos qu\u00e9 reclamaciones han sido satisfechas mediante los pagos del cliente.<\/p>\n<p>2.5 Los m\u00e9todos de pago disponibles para usted se muestran en un bot\u00f3n con la etiqueta correspondiente en nuestro sitio web o en la oferta respectiva.<\/p>\n<p>2.6 Salvo que se indique lo contrario en las distintas modalidades de pago, las reclamaciones de pago derivadas del contrato celebrado son exigibles inmediatamente.<\/p>\n<p>2.7 En este sitio web ofrecemos, entre otras cosas, el pago a trav\u00e9s de PayPal. El proveedor de este servicio de pago es PayPal (Europe) S.\u00e0.r.l. et Cie, S.C.A., 22-24 Boulevard Royal, L-2449 Luxemburgo (en lo sucesivo, \"PayPal\"). Si selecciona el pago a trav\u00e9s de PayPal, los datos de pago que introduzca se transmitir\u00e1n a PayPal. La transmisi\u00f3n de sus datos a PayPal se basa en el art\u00edculo 6, apartado 1, letra a del RGPD (consentimiento) y en el art\u00edculo 6, apartado 1, letra b del RGPD (tratamiento para el cumplimiento de un contrato). Tiene la opci\u00f3n de revocar su consentimiento para el procesamiento de datos en cualquier momento. Una revocaci\u00f3n no afecta a la eficacia de las operaciones de tratamiento de datos en el pasado.<\/p>\n<p><strong>3. fechas<\/strong><\/p>\n<p>3.1 Nos esforzaremos por cumplir los plazos especificados. Los plazos solo ser\u00e1n vinculantes si se acuerdan expresamente como tales por escrito.<\/p>\n<p>3.2 En caso de incumplimiento doloso o por negligencia grave de los plazos vinculantes y de expiraci\u00f3n infructuosa de un plazo de gracia de 6 semanas que el cliente deber\u00e1 fijar por escrito, el cliente podr\u00e1 exigir una indemnizaci\u00f3n por demora por cada mes completo de demora del 0,5% del valor de la parte del servicio que no pueda utilizarse debido a la demora, siempre que pueda demostrar que ha sufrido un perjuicio como consecuencia de la demora. La indemnizaci\u00f3n podr\u00e1 exigirse por un m\u00e1ximo de 5 meses.<\/p>\n<p>3.3 Quedan excluidas otras reclamaciones de indemnizaci\u00f3n por parte del cliente en todos los casos de demora en el cumplimiento, incluso tras la expiraci\u00f3n del plazo mensual acordado en el p\u00e1rrafo anterior. Esto no se aplicar\u00e1 cuando la responsabilidad sea obligatoria por ley en casos de dolo o negligencia grave. Queda excluida la responsabilidad ampliada seg\u00fan \u00a7 287 BGB.<\/p>\n<p>3.4 El derecho del cliente a rescindir el contrato de conformidad con las disposiciones legales en lugar del derecho previsto en la cl\u00e1usula 3.2 no se ver\u00e1 afectado.<\/p>\n<p><strong>4. condiciones de env\u00edo y derecho de cancelaci\u00f3n<\/strong><\/p>\n<p>4.1 Las condiciones de entrega, la fecha de entrega y, en su caso, las restricciones de entrega existentes pueden consultarse en un<br \/>en nuestro sitio web o en la oferta correspondiente.<\/p>\n<p>4.2 El cliente podr\u00e1 anular su declaraci\u00f3n contractual por escrito (por ejemplo, carta, fax, correo electr\u00f3nico) en un plazo de 14 d\u00edas sin indicar los motivos. El plazo de revocaci\u00f3n comienza con la recepci\u00f3n de la mercanc\u00eda por parte del cliente, pero como muy pronto con la recepci\u00f3n de estas instrucciones. El env\u00edo puntual de la anulaci\u00f3n o de la mercanc\u00eda es suficiente para cumplir el plazo de anulaci\u00f3n. La anulaci\u00f3n debe enviarse a<\/p>\n<h2>Licencia de software Express<\/h2>\n<p><strong>Propietario: <\/strong>Sr. Stephan M\u00fcller<\/p>\n<p><strong>Direcci\u00f3n: <\/strong>Wernher-von-Braun Str. 16, 63303 Dreieich, Alemania<\/p>\n<p><strong>CIF:<\/strong> DE269952674<\/p>\n<p><strong>Tel:<\/strong> +49 60748160523<\/p>\n<p><strong>correo electr\u00f3nico:<\/strong> <a href=\"mailto:&lt;a href=&#039;mailto:deutschland@softwarelizenzexpress.de&#039;&gt;deutschland@softwarelizenzexpress.de&lt;\/a&gt;\"><a href='mailto:deutschland@softwarelizenzexpress.de'>deutschland@softwarelizenzexpress.de<\/a><\/a><\/p>\n<p>4.3 Consecuencias de la anulaci\u00f3n<\/p>\n<p>Si rescinde el presente contrato, le reembolsaremos todos los pagos recibidos de usted sin ninguna demora indebida y, en cualquier caso, a m\u00e1s tardar 14 d\u00edas a partir del d\u00eda en que se nos informe de su decisi\u00f3n de rescindir el presente contrato. Para este reembolso, utilizaremos el mismo medio de pago que usted utiliz\u00f3 para la compra original.<br \/>transacci\u00f3n, salvo que se acuerde expresamente otra cosa con usted; en ning\u00fan caso se le cobrar\u00e1n comisiones por este reembolso.<\/p>\n<p>Podremos denegar el reembolso hasta que hayamos recibido los bienes o hasta que usted haya presentado una prueba de que no los ha utilizado, seg\u00fan qu\u00e9 condici\u00f3n se cumpla primero. Debe usted devolvernos o entregarnos los bienes inmediatamente y, en cualquier caso, a m\u00e1s tardar en el plazo de catorce d\u00edas a partir del d\u00eda en que nos informe de la rescisi\u00f3n del presente contrato. El plazo se cumple si usted env\u00eda los bienes antes de que haya expirado el plazo de catorce d\u00edas.<\/p>\n<p>S\u00f3lo tendr\u00e1 que pagar por la p\u00e9rdida de valor de la mercanc\u00eda si dicha p\u00e9rdida de valor se debe a una manipulaci\u00f3n de la mercanc\u00eda que no sea necesaria para comprobar la calidad, las propiedades y la funcionalidad de la mercanc\u00eda.5 Garant\u00eda y responsabilidad.<\/p>\n<p><strong>5. responsabilidad legal por defectos<\/strong><\/p>\n<p>5.1 Se aplican los derechos de garant\u00eda legales.<\/p>\n<p>5.2 En su calidad de consumidor, le rogamos que compruebe lo antes posible la integridad, los defectos evidentes o las posibles desviaciones de la mercanc\u00eda inmediatamente despu\u00e9s de su entrega. Si no lo hace, ello no afectar\u00e1 a sus derechos de garant\u00eda legales.<\/p>\n<p>5.3 El periodo de garant\u00eda es de un a\u00f1o a partir de la entrega de la mercanc\u00eda.<\/p>\n<p>5.4 La garant\u00eda no se aplicar\u00e1 si el cliente realiza modificaciones o adaptaciones en el producto.<\/p>\n<p>5.5 El cliente no tendr\u00e1 derecho de retenci\u00f3n con respecto a nuestras reclamaciones que no est\u00e9n relacionadas con el objeto del contrato debido a sus derechos anteriormente mencionados.<\/p>\n<p>5.6 Quedan excluidas las reclamaciones por da\u00f1os y perjuicios del cliente de cualquier tipo contra nosotros, en particular las reclamaciones de indemnizaci\u00f3n por da\u00f1os consecuentes, como p\u00e9rdida de datos o lucro cesante, reclamaciones derivadas de imposibilidad, incumplimiento positivo del contrato y por incumplimiento. Esto tambi\u00e9n se aplica en particular a la falta de propiedades de los productos de software especificados por el fabricante. Esto no se aplicar\u00e1 en casos de dolo, negligencia grave o ausencia de caracter\u00edsticas garantizadas en los que la responsabilidad sea obligatoria por ley.<\/p>\n<p><strong>6. reserva de dominio<\/strong><\/p>\n<p>6.1 Nos reservamos la propiedad de la mercanc\u00eda hasta el pago \u00edntegro de todos los cr\u00e9ditos que nos correspondan por las relaciones comerciales con el cliente.<\/p>\n<p>6.2 El ejercicio de la reserva de propiedad no se considerar\u00e1 una rescisi\u00f3n del contrato. No obstante, tendremos derecho a enajenar la mercanc\u00eda cuya reserva de dominio se haya hecho valer en otro lugar transcurrido un plazo razonable y a entregar al cliente la misma mercanc\u00eda u otra equivalente previo pago \u00edntegro del precio de compra.<\/p>\n<p>6.3 Si el cliente es un revendedor, tendr\u00e1 derecho a revender la mercanc\u00eda sujeta a reserva de dominio en el curso ordinario de sus negocios. En este caso, el cliente nos cede en garant\u00eda los cr\u00e9ditos que le correspondan por la reventa de la mercanc\u00eda hasta el importe de nuestros cr\u00e9ditos pendientes.<\/p>\n<p>En caso de impago, el cliente est\u00e1 obligado a nombrar al cliente al que ha vendido nuestra mercanc\u00eda y que a\u00fan no ha pagado a nuestro primer requerimiento.<\/p>\n<p>6.4 En caso de acceso de terceros a la mercanc\u00eda sujeta a reserva de dominio, el cliente deber\u00e1 llamar la atenci\u00f3n sobre nuestra propiedad y notific\u00e1rnoslo inmediatamente. Los costes y da\u00f1os correr\u00e1n a cargo del cliente.<\/p>\n<p><strong>7. otros<\/strong><\/p>\n<p>7.1 Al inicio de la relaci\u00f3n comercial, los datos del cliente, que tambi\u00e9n pueden ser datos personales, se almacenar\u00e1n y, en la medida necesaria para el cumplimiento del pedido, se procesar\u00e1n y transmitir\u00e1n.<\/p>\n<p>7.2 Si una o varias de las disposiciones anteriores fueran o devinieran inv\u00e1lidas, ello no afectar\u00e1 a la validez de las restantes. La disposici\u00f3n ineficaz ser\u00e1 sustituida por otra eficaz que realice en la medida de lo posible la finalidad econ\u00f3mica perseguida con ella.<\/p>\n<p><strong>8. lugar de jurisdicci\u00f3n<\/strong><\/p>\n<p>Si el cliente es un comerciante registrado, una persona jur\u00eddica de derecho p\u00fablico o un patrimonio especial de derecho p\u00fablico, el fuero competente ser\u00e1 el Juzgado de Primera Instancia de Fr\u00e1ncfort o el Tribunal Regional de Fr\u00e1ncfort.<\/p>\n<ul>\n<li>\n<h2>Licencia de software Express<\/h2>\n<p><strong>Propietario: <\/strong>Sr. Stephan M\u00fcller<\/p>\n<p><strong>Direcci\u00f3n: <\/strong>Wernher-von-Braun Str. 16, 63303 Dreieich, Alemania<\/p>\n<p><strong>CIF:<\/strong> DE269952674<\/p>\n<p><strong>Tel:<\/strong> +49 60748160523<\/p>\n<p><strong>correo electr\u00f3nico:<\/strong> <a href=\"mailto:&lt;a href=&#039;mailto:deutschland@softwarelizenzexpress.de&#039;&gt;deutschland@softwarelizenzexpress.de&lt;\/a&gt;\"><a href='mailto:deutschland@softwarelizenzexpress.de'>deutschland@softwarelizenzexpress.de<\/a><\/a><\/p>\n<\/li>\n<\/ul>\n<\/section>","protected":false},"excerpt":{"rendered":"<p>1. Vertragsabschlu\u00df SOFTWARE 1.1 Gegenstand des Vertrages ist der Verkauf von Download-Produkten (digitale Inhalte, die nicht auf einem k\u00f6rperlichen Datentr\u00e4ger geliefert werden). Bereits mit dem Einstellen des jeweiligen Download-Produkts auf unserer Internetseite unterbreiten wir Ihnen ein verbindliches Angebot zum Abschluss eines Vertrages zu den in der Artikelbeschreibung angegebenen Bedingungen. 1.2&hellip; <\/p>","protected":false},"author":451,"featured_media":0,"parent":0,"menu_order":0,"comment_status":"closed","ping_status":"closed","template":"","meta":{"_acf_changed":false,"footnotes":""},"class_list":["post-3010","page","type-page","status-publish","hentry"],"acf":[],"_links":{"self":[{"href":"https:\/\/softwarelizenzexpress.de\/es\/wp-json\/wp\/v2\/pages\/3010","targetHints":{"allow":["GET"]}}],"collection":[{"href":"https:\/\/softwarelizenzexpress.de\/es\/wp-json\/wp\/v2\/pages"}],"about":[{"href":"https:\/\/softwarelizenzexpress.de\/es\/wp-json\/wp\/v2\/types\/page"}],"author":[{"embeddable":true,"href":"https:\/\/softwarelizenzexpress.de\/es\/wp-json\/wp\/v2\/users\/451"}],"replies":[{"embeddable":true,"href":"https:\/\/softwarelizenzexpress.de\/es\/wp-json\/wp\/v2\/comments?post=3010"}],"version-history":[{"count":0,"href":"https:\/\/softwarelizenzexpress.de\/es\/wp-json\/wp\/v2\/pages\/3010\/revisions"}],"wp:attachment":[{"href":"https:\/\/softwarelizenzexpress.de\/es\/wp-json\/wp\/v2\/media?parent=3010"}],"curies":[{"name":"wp","href":"https:\/\/api.w.org\/{rel}","templated":true}]}}