{"id":13423,"date":"2021-03-03T15:10:17","date_gmt":"2021-03-03T14:10:17","guid":{"rendered":"https:\/\/shop.softwarelizenzexpress.de\/?page_id=13423"},"modified":"2025-03-11T15:10:05","modified_gmt":"2025-03-11T14:10:05","slug":"legal-basis","status":"publish","type":"page","link":"https:\/\/softwarelizenzexpress.de\/es\/legal-basis\/","title":{"rendered":"Base jur\u00eddica"},"content":{"rendered":"<article id=\"page-11056\" class=\"post-11056 page type-page status-publish hentry\">\n<div class=\"entry-content\">\n<h4>Ley de distribuci\u00f3n<\/h4>\n<p>Los fabricantes de software, como Microsoft o Corel, permiten a los socios comerciales certificados (revendedores) vender productos a los consumidores. Esto otorga los llamados derechos de revendedor. S\u00f3lo los socios autorizados tienen derecho a vender licencias de software y deben ser miembros del programa de socios del fabricante. A los revendedores se les concede el derecho no exclusivo de comercializar y distribuir activamente software con licencia dentro de la UE\/AELC. No obstante, los revendedores tambi\u00e9n pueden actuar en otras regiones; para ello es necesario un acuerdo por escrito.<\/p>\n<p>El distribuidor est\u00e1 obligado a ofrecer los productos de software bajo los respectivos nombres de producto del fabricante. Deben observarse o realizarse los avisos pertinentes sobre derechos de propiedad y derechos de autor. Todas las marcas comerciales y marcas registradas son propiedad del fabricante correspondiente. La informaci\u00f3n t\u00e9cnica debe corresponder siempre a las especificaciones del fabricante. Las ilustraciones, iconos y logotipos sirven para identificar el art\u00edculo. Los bienes vendidos siguen siendo propiedad del vendedor hasta que se haya recibido el pago completo.<\/p>\n<h4>Derecho de licencias<\/h4>\n<p>Seg\u00fan la jurisprudencia actual del Tribunal Federal de Justicia (BGH, sentencia de 17 de julio de 2013 - I ZR 129\/08), los comerciantes especializados est\u00e1n obligados a documentar la legalidad y licitud del software ofrecido. Las licencias de software solo pueden comercializarse con el consentimiento del titular de los derechos. La licencia se concede a cambio de un pago que permite obtener una remuneraci\u00f3n correspondiente al valor econ\u00f3mico del software. El titular de los derechos obliga al distribuidor a vender el software de forma permanente, sin l\u00edmite de tiempo para su uso. Se informa al consumidor de que el software est\u00e1 sujeto a las condiciones de licencia y a los derechos de uso del producto del fabricante del software.<\/p>\n<p>El comprador tiene un derecho simple y sin restricciones a utilizar el software. No puede copiarlo ni permitir que otros lo utilicen. Un derecho de uso m\u00faltiple requiere un acuerdo aparte.<\/p>\n<\/div>\n<\/article>","protected":false},"excerpt":{"rendered":"<p>Derechos de distribuci\u00f3n Los fabricantes de software, como Microsoft o Corel, autorizan a sus socios comerciales certificados (revendedores) a vender productos a los consumidores. Esto otorga los llamados derechos de revendedor. S\u00f3lo los socios autorizados tienen derecho a vender licencias de software y deben ser miembros del programa de socios del fabricante. A los revendedores se les concede el derecho no exclusivo de vender licencias de software dentro de la UE\/AELC con... <\/p>","protected":false},"author":9,"featured_media":0,"parent":0,"menu_order":0,"comment_status":"closed","ping_status":"closed","template":"","meta":{"_acf_changed":false,"footnotes":""},"class_list":["post-13423","page","type-page","status-publish","hentry"],"acf":[],"_links":{"self":[{"href":"https:\/\/softwarelizenzexpress.de\/es\/wp-json\/wp\/v2\/pages\/13423","targetHints":{"allow":["GET"]}}],"collection":[{"href":"https:\/\/softwarelizenzexpress.de\/es\/wp-json\/wp\/v2\/pages"}],"about":[{"href":"https:\/\/softwarelizenzexpress.de\/es\/wp-json\/wp\/v2\/types\/page"}],"author":[{"embeddable":true,"href":"https:\/\/softwarelizenzexpress.de\/es\/wp-json\/wp\/v2\/users\/9"}],"replies":[{"embeddable":true,"href":"https:\/\/softwarelizenzexpress.de\/es\/wp-json\/wp\/v2\/comments?post=13423"}],"version-history":[{"count":0,"href":"https:\/\/softwarelizenzexpress.de\/es\/wp-json\/wp\/v2\/pages\/13423\/revisions"}],"wp:attachment":[{"href":"https:\/\/softwarelizenzexpress.de\/es\/wp-json\/wp\/v2\/media?parent=13423"}],"curies":[{"name":"wp","href":"https:\/\/api.w.org\/{rel}","templated":true}]}}