{"id":13412,"date":"2021-03-03T14:37:17","date_gmt":"2021-03-03T13:37:17","guid":{"rendered":"https:\/\/shop.softwarelizenzexpress.de\/?page_id=13412"},"modified":"2025-03-11T15:20:27","modified_gmt":"2025-03-11T14:20:27","slug":"services","status":"publish","type":"page","link":"https:\/\/softwarelizenzexpress.de\/es\/services\/","title":{"rendered":"Servicio"},"content":{"rendered":"<h4>Atenci\u00f3n al cliente<\/h4>\n<ul>\n<li>\n<h4>Con usted r\u00e1pidamente gracias a la entrega expr\u00e9s 24\/7<\/h4>\n<ul>\n<li>Le enviaremos la clave del producto 2 minutos despu\u00e9s de recibir el pago<\/li>\n<li>Recibir\u00e1s un enlace de descarga e instrucciones de instalaci\u00f3n por correo electr\u00f3nico<\/li>\n<li>El programa y las instrucciones est\u00e1n disponibles en cinco idiomas (alem\u00e1n, ingl\u00e9s, franc\u00e9s, italiano y espa\u00f1ol).<\/li>\n<\/ul>\n<\/li>\n<\/ul>\n<ul>\n<li>\n<h4>Socios fuertes<\/h4>\n<ul>\n<li>Socio contractual oficial de Corel<\/li>\n<li>Socio de oro de Microsoft con MSPN<\/li>\n<li>Miembro del programa VeRI<\/li>\n<\/ul>\n<\/li>\n<\/ul>\n<ul>\n<li>\n<h4>Factura<\/h4>\n<ul>\n<li>En un plazo de 24 horas recibir\u00e1 una factura con el n\u00famero de identificaci\u00f3n a efectos del IVA y el n\u00famero de socio de Microsoft (si es necesario).<\/li>\n<li>Tambi\u00e9n recibir\u00e1 un certificado de licencia que documenta de forma transparente el origen del software<\/li>\n<li>M\u00e1s seguridad con software jur\u00eddico<\/li>\n<li>Software procedente de Alemania con prueba de origen<\/li>\n<li>Recibir\u00e1 una factura y un certificado de transferencia de licencia<\/li>\n<li>Las licencias son a prueba de auditor\u00edas gracias al uso de la tecnolog\u00eda blockchain.<\/li>\n<\/ul>\n<\/li>\n<\/ul>\n<ul>\n<li>\n<h4>Garant\u00eda del producto<\/h4>\n<ul>\n<li>Garant\u00eda de devoluci\u00f3n de 30 d\u00edas<\/li>\n<li>100% Activaci\u00f3n en l\u00ednea<\/li>\n<li>Garant\u00eda de por vida<\/li>\n<li>Nuevos permisos alemanes sin propietarios anteriores<\/li>\n<li>El departamento de expedici\u00f3n comprueba la calidad de las llaves de producto<\/li>\n<\/ul>\n<\/li>\n<\/ul>\n<ul>\n<li>\n<h4>Obligaci\u00f3n de transparencia<\/h4>\n<p>Cumplimos todos los requisitos legales de informaci\u00f3n:<\/p>\n<ul>\n<li>Enlace a la plataforma de resoluci\u00f3n de litigios en l\u00ednea<\/li>\n<li>Prohibida la venta de claves de producto puras sin la licencia correspondiente<\/li>\n<li>Prueba de origen de las licencias<\/li>\n<\/ul>\n<\/li>\n<\/ul>\n<ul>\n<li>\n<h4>Pago seguro y r\u00e1pido<\/h4>\n<p>Con nosotros, puede pagar de forma segura y r\u00e1pida utilizando varios m\u00e9todos de pago. Los m\u00e9todos de pago disponibles para su pa\u00eds (seg\u00fan la direcci\u00f3n de facturaci\u00f3n) se muestran en la p\u00e1gina de pago. Los m\u00e9todos disponibles son<\/p>\n<ul>\n<li>Klarna<\/li>\n<li>Amazon Pay<\/li>\n<li>Apple Pay<\/li>\n<li>Google Pay<\/li>\n<li>Tarjeta de cr\u00e9dito<\/li>\n<\/ul>\n<\/li>\n<\/ul>\n<ul>\n<li>\n<h4>Descarga de software<\/h4>\n<ul>\n<li>Descarga r\u00e1pida y segura sin necesidad de registrarse en nuestro portal de descargas<\/li>\n<li>El software es antivirus<\/li>\n<li>El portal de descargas est\u00e1 disponible en cinco idiomas<\/li>\n<\/ul>\n<\/li>\n<\/ul>\n<ul>\n<li>\n<h4>Siempre a su disposici\u00f3n: nuestro servicio de atenci\u00f3n al cliente<\/h4>\n<ul>\n<li>Disponibilidad telef\u00f3nica 4 horas al d\u00eda<\/li>\n<li>Servicio de atenci\u00f3n al cliente 24\/7 por correo electr\u00f3nico multiling\u00fce<\/li>\n<li>Soporte (alem\u00e1n, ingl\u00e9s, franc\u00e9s, italiano y espa\u00f1ol)<\/li>\n<\/ul>\n<\/li>\n<\/ul>\n<p>&nbsp;<\/p>\n<blockquote><p><strong>Shop Software Licence Express no se limita a vender una clave. Cuando adquiere su producto, recibe un servicio y una asistencia completos.<\/strong><\/p><\/blockquote>","protected":false},"excerpt":{"rendered":"<p>Servicio de atenci\u00f3n al cliente Env\u00edo expr\u00e9s 24 horas al d\u00eda, 7 d\u00edas a la semana 2 minutos despu\u00e9s de recibir el pago le enviaremos la clave del producto Recibir\u00e1 un enlace de descarga e instrucciones de instalaci\u00f3n por correo electr\u00f3nico El software y las instrucciones est\u00e1n disponibles en cinco idiomas (alem\u00e1n, ingl\u00e9s, franc\u00e9s, italiano y espa\u00f1ol) Socios fuertes Socio contractual oficial de Corel Microsoft Gold Partner con miembro de MSPN... <\/p>","protected":false},"author":9,"featured_media":0,"parent":0,"menu_order":0,"comment_status":"closed","ping_status":"closed","template":"","meta":{"_acf_changed":false,"footnotes":""},"class_list":["post-13412","page","type-page","status-publish","hentry"],"acf":[],"_links":{"self":[{"href":"https:\/\/softwarelizenzexpress.de\/es\/wp-json\/wp\/v2\/pages\/13412","targetHints":{"allow":["GET"]}}],"collection":[{"href":"https:\/\/softwarelizenzexpress.de\/es\/wp-json\/wp\/v2\/pages"}],"about":[{"href":"https:\/\/softwarelizenzexpress.de\/es\/wp-json\/wp\/v2\/types\/page"}],"author":[{"embeddable":true,"href":"https:\/\/softwarelizenzexpress.de\/es\/wp-json\/wp\/v2\/users\/9"}],"replies":[{"embeddable":true,"href":"https:\/\/softwarelizenzexpress.de\/es\/wp-json\/wp\/v2\/comments?post=13412"}],"version-history":[{"count":0,"href":"https:\/\/softwarelizenzexpress.de\/es\/wp-json\/wp\/v2\/pages\/13412\/revisions"}],"wp:attachment":[{"href":"https:\/\/softwarelizenzexpress.de\/es\/wp-json\/wp\/v2\/media?parent=13412"}],"curies":[{"name":"wp","href":"https:\/\/api.w.org\/{rel}","templated":true}]}}